{"id":405,"date":"2026-03-29T15:07:05","date_gmt":"2026-03-29T15:07:05","guid":{"rendered":"https:\/\/royalpoint.cz\/?page_id=405"},"modified":"2026-04-17T10:01:42","modified_gmt":"2026-04-17T10:01:42","slug":"menu","status":"publish","type":"page","link":"https:\/\/royalpoint.cz\/de\/menu\/","title":{"rendered":"Speisekarte"},"content":{"rendered":"<div data-elementor-type=\"wp-page\" data-elementor-id=\"405\" class=\"elementor elementor-405\" data-elementor-post-type=\"page\">\n\t\t\t\t<div class=\"elementor-element elementor-element-f0cd6b3 e-flex e-con-boxed e-con e-parent\" data-id=\"f0cd6b3\" data-element_type=\"container\" data-e-type=\"container\" data-settings=\"{&quot;background_background&quot;:&quot;classic&quot;}\">\n\t\t\t\t\t<div class=\"e-con-inner\">\n\t\t\t\t<div class=\"elementor-element elementor-element-3635592 animated-fast elementor-invisible elementor-widget elementor-widget-heading\" data-id=\"3635592\" data-element_type=\"widget\" data-e-type=\"widget\" data-settings=\"{&quot;_animation&quot;:&quot;fadeInUp&quot;}\" data-widget_type=\"heading.default\">\n\t\t\t\t\t<h2 class=\"elementor-heading-title elementor-size-default\">Speisekarte\n<\/h2>\t\t\t\t<\/div>\n\t\t\t\t\t<\/div>\n\t\t\t\t<\/div>\n\t\t<div class=\"elementor-element elementor-element-fe2e12c e-flex e-con-boxed e-con e-parent\" data-id=\"fe2e12c\" data-element_type=\"container\" data-e-type=\"container\" data-settings=\"{&quot;background_background&quot;:&quot;classic&quot;}\">\n\t\t\t\t\t<div class=\"e-con-inner\">\n\t\t<div class=\"elementor-element elementor-element-53b724d e-con-full e-flex e-con e-child\" data-id=\"53b724d\" data-element_type=\"container\" data-e-type=\"container\" data-settings=\"{&quot;background_background&quot;:&quot;classic&quot;}\">\n\t\t<div class=\"elementor-element elementor-element-cc506cf e-con-full e-flex e-con e-child\" data-id=\"cc506cf\" data-element_type=\"container\" data-e-type=\"container\" data-settings=\"{&quot;background_background&quot;:&quot;classic&quot;}\">\n\t\t\t\t<div class=\"elementor-element elementor-element-3c091b8 animated-fast elementor-invisible elementor-widget elementor-widget-heading\" data-id=\"3c091b8\" data-element_type=\"widget\" data-e-type=\"widget\" data-settings=\"{&quot;_animation&quot;:&quot;fadeInUp&quot;}\" data-widget_type=\"heading.default\">\n\t\t\t\t\t<h2 class=\"elementor-heading-title elementor-size-default\">Unser Angebot\n<\/h2>\t\t\t\t<\/div>\n\t\t\t\t<div class=\"elementor-element elementor-element-d48f205 e-n-tabs-none elementor-widget elementor-widget-n-tabs\" data-id=\"d48f205\" data-element_type=\"widget\" data-e-type=\"widget\" data-settings=\"{&quot;horizontal_scroll&quot;:&quot;disable&quot;}\" data-widget_type=\"nested-tabs.default\">\n\t\t\t\t\t<style>.elementor-element-d48f205{display:none !important}<\/style>\t\t\t\t<\/div>\n\t\t\t\t<div class=\"elementor-element elementor-element-1777612 e-n-tabs-none elementor-widget elementor-widget-n-tabs\" data-id=\"1777612\" data-element_type=\"widget\" data-e-type=\"widget\" data-settings=\"{&quot;tabs_justify_horizontal&quot;:&quot;start&quot;,&quot;horizontal_scroll&quot;:&quot;disable&quot;}\" data-widget_type=\"nested-tabs.default\">\n\t\t\t\t\t\t\t<div class=\"e-n-tabs\" data-widget-number=\"24606226\" aria-label=\"Tabs. Open items with Enter or Space, close with Escape and navigate using the Arrow keys.\">\n\t\t\t<div class=\"e-n-tabs-heading\" role=\"tablist\">\n\t\t\t\t\t<button id=\"e-n-tab-title-246062261\" data-tab-title-id=\"e-n-tab-title-246062261\" class=\"e-n-tab-title\" aria-selected=\"true\" data-tab-index=\"1\" role=\"tab\" tabindex=\"0\" aria-controls=\"e-n-tab-content-246062261\" style=\"--n-tabs-title-order: 1;\">\n\t\t\t\t\t\t<span class=\"e-n-tab-title-text\">\n\t\t\t\tSpeisekarte\t\t\t<\/span>\n\t\t<\/button>\n\t\t\t\t\t<\/div>\n\t\t\t<div class=\"e-n-tabs-content\">\n\t\t\t\t<div id=\"e-n-tab-content-246062261\" role=\"tabpanel\" aria-labelledby=\"e-n-tab-title-246062261\" data-tab-index=\"1\" style=\"--n-tabs-title-order: 1;\" class=\"e-active elementor-element elementor-element-d21bce0 e-con-full e-flex e-con e-child\" data-id=\"d21bce0\" data-element_type=\"container\" data-e-type=\"container\">\n\t\t<div class=\"elementor-element elementor-element-326dc17 e-flex e-con-boxed e-con e-child\" data-id=\"326dc17\" data-element_type=\"container\" data-e-type=\"container\">\n\t\t\t\t\t<div class=\"e-con-inner\">\n\t\t\t\t<div class=\"elementor-element elementor-element-01ffd04 elementor-widget elementor-widget-image\" data-id=\"01ffd04\" data-element_type=\"widget\" data-e-type=\"widget\" data-widget_type=\"image.default\">\n\t\t\t\t\t\t\t\t\t\t\t\t\t\t\t<img fetchpriority=\"high\" decoding=\"async\" width=\"1414\" height=\"2000\" src=\"https:\/\/royalpoint.cz\/wp-content\/uploads\/2026\/04\/69abea2db86d4c5f8d04d0f9_1-1.jpg\" class=\"attachment-2048x2048 size-2048x2048 wp-image-317\" alt=\"\" srcset=\"https:\/\/royalpoint.cz\/wp-content\/uploads\/2026\/04\/69abea2db86d4c5f8d04d0f9_1-1.jpg 1414w, https:\/\/royalpoint.cz\/wp-content\/uploads\/2026\/04\/69abea2db86d4c5f8d04d0f9_1-1-212x300.jpg 212w, https:\/\/royalpoint.cz\/wp-content\/uploads\/2026\/04\/69abea2db86d4c5f8d04d0f9_1-1-724x1024.jpg 724w, https:\/\/royalpoint.cz\/wp-content\/uploads\/2026\/04\/69abea2db86d4c5f8d04d0f9_1-1-768x1086.jpg 768w, https:\/\/royalpoint.cz\/wp-content\/uploads\/2026\/04\/69abea2db86d4c5f8d04d0f9_1-1-1086x1536.jpg 1086w, https:\/\/royalpoint.cz\/wp-content\/uploads\/2026\/04\/69abea2db86d4c5f8d04d0f9_1-1-8x12.jpg 8w\" sizes=\"(max-width: 1414px) 100vw, 1414px\" \/>\t\t\t\t\t\t\t\t\t\t\t\t\t\t\t<\/div>\n\t\t\t\t<div class=\"elementor-element elementor-element-bc39402 elementor-widget elementor-widget-image\" data-id=\"bc39402\" data-element_type=\"widget\" data-e-type=\"widget\" data-widget_type=\"image.default\">\n\t\t\t\t\t\t\t\t\t\t\t\t\t\t\t<img decoding=\"async\" width=\"1414\" height=\"2000\" src=\"https:\/\/royalpoint.cz\/wp-content\/uploads\/2026\/04\/69abea38c893fe5d5bb39a6b_2.jpg\" class=\"attachment-2048x2048 size-2048x2048 wp-image-760\" alt=\"\" srcset=\"https:\/\/royalpoint.cz\/wp-content\/uploads\/2026\/04\/69abea38c893fe5d5bb39a6b_2.jpg 1414w, https:\/\/royalpoint.cz\/wp-content\/uploads\/2026\/04\/69abea38c893fe5d5bb39a6b_2-212x300.jpg 212w, https:\/\/royalpoint.cz\/wp-content\/uploads\/2026\/04\/69abea38c893fe5d5bb39a6b_2-724x1024.jpg 724w, https:\/\/royalpoint.cz\/wp-content\/uploads\/2026\/04\/69abea38c893fe5d5bb39a6b_2-768x1086.jpg 768w, https:\/\/royalpoint.cz\/wp-content\/uploads\/2026\/04\/69abea38c893fe5d5bb39a6b_2-1086x1536.jpg 1086w, https:\/\/royalpoint.cz\/wp-content\/uploads\/2026\/04\/69abea38c893fe5d5bb39a6b_2-8x12.jpg 8w\" sizes=\"(max-width: 1414px) 100vw, 1414px\" \/>\t\t\t\t\t\t\t\t\t\t\t\t\t\t\t<\/div>\n\t\t\t\t<div class=\"elementor-element elementor-element-2a17c61 elementor-widget elementor-widget-image\" data-id=\"2a17c61\" data-element_type=\"widget\" data-e-type=\"widget\" data-widget_type=\"image.default\">\n\t\t\t\t\t\t\t\t\t\t\t\t\t\t\t<img decoding=\"async\" width=\"1414\" height=\"2000\" src=\"https:\/\/royalpoint.cz\/wp-content\/uploads\/2026\/04\/69abea4252b9ad96c8a4c94c_3.jpg\" class=\"attachment-2048x2048 size-2048x2048 wp-image-761\" alt=\"\" srcset=\"https:\/\/royalpoint.cz\/wp-content\/uploads\/2026\/04\/69abea4252b9ad96c8a4c94c_3.jpg 1414w, https:\/\/royalpoint.cz\/wp-content\/uploads\/2026\/04\/69abea4252b9ad96c8a4c94c_3-212x300.jpg 212w, https:\/\/royalpoint.cz\/wp-content\/uploads\/2026\/04\/69abea4252b9ad96c8a4c94c_3-724x1024.jpg 724w, https:\/\/royalpoint.cz\/wp-content\/uploads\/2026\/04\/69abea4252b9ad96c8a4c94c_3-768x1086.jpg 768w, https:\/\/royalpoint.cz\/wp-content\/uploads\/2026\/04\/69abea4252b9ad96c8a4c94c_3-1086x1536.jpg 1086w, https:\/\/royalpoint.cz\/wp-content\/uploads\/2026\/04\/69abea4252b9ad96c8a4c94c_3-8x12.jpg 8w\" sizes=\"(max-width: 1414px) 100vw, 1414px\" \/>\t\t\t\t\t\t\t\t\t\t\t\t\t\t\t<\/div>\n\t\t\t\t<div class=\"elementor-element elementor-element-57ae3df elementor-widget elementor-widget-image\" data-id=\"57ae3df\" data-element_type=\"widget\" data-e-type=\"widget\" data-widget_type=\"image.default\">\n\t\t\t\t\t\t\t\t\t\t\t\t\t\t\t<img loading=\"lazy\" decoding=\"async\" width=\"1414\" height=\"2000\" src=\"https:\/\/royalpoint.cz\/wp-content\/uploads\/2026\/04\/69abea4c1779420ff7e51ebd_4.jpg\" class=\"attachment-2048x2048 size-2048x2048 wp-image-758\" alt=\"\" srcset=\"https:\/\/royalpoint.cz\/wp-content\/uploads\/2026\/04\/69abea4c1779420ff7e51ebd_4.jpg 1414w, https:\/\/royalpoint.cz\/wp-content\/uploads\/2026\/04\/69abea4c1779420ff7e51ebd_4-212x300.jpg 212w, https:\/\/royalpoint.cz\/wp-content\/uploads\/2026\/04\/69abea4c1779420ff7e51ebd_4-724x1024.jpg 724w, https:\/\/royalpoint.cz\/wp-content\/uploads\/2026\/04\/69abea4c1779420ff7e51ebd_4-768x1086.jpg 768w, https:\/\/royalpoint.cz\/wp-content\/uploads\/2026\/04\/69abea4c1779420ff7e51ebd_4-1086x1536.jpg 1086w, https:\/\/royalpoint.cz\/wp-content\/uploads\/2026\/04\/69abea4c1779420ff7e51ebd_4-8x12.jpg 8w\" sizes=\"(max-width: 1414px) 100vw, 1414px\" \/>\t\t\t\t\t\t\t\t\t\t\t\t\t\t\t<\/div>\n\t\t\t\t<div class=\"elementor-element elementor-element-91103ad elementor-widget elementor-widget-image\" data-id=\"91103ad\" data-element_type=\"widget\" data-e-type=\"widget\" data-widget_type=\"image.default\">\n\t\t\t\t\t\t\t\t\t\t\t\t\t\t\t<img loading=\"lazy\" decoding=\"async\" width=\"1450\" height=\"2048\" src=\"https:\/\/royalpoint.cz\/wp-content\/uploads\/2026\/04\/6881559912be0037cd341df3_Menu-RIB-DE-5.jpg\" class=\"attachment-2048x2048 size-2048x2048 wp-image-759\" alt=\"\" srcset=\"https:\/\/royalpoint.cz\/wp-content\/uploads\/2026\/04\/6881559912be0037cd341df3_Menu-RIB-DE-5.jpg 1788w, https:\/\/royalpoint.cz\/wp-content\/uploads\/2026\/04\/6881559912be0037cd341df3_Menu-RIB-DE-5-212x300.jpg 212w, https:\/\/royalpoint.cz\/wp-content\/uploads\/2026\/04\/6881559912be0037cd341df3_Menu-RIB-DE-5-725x1024.jpg 725w, https:\/\/royalpoint.cz\/wp-content\/uploads\/2026\/04\/6881559912be0037cd341df3_Menu-RIB-DE-5-768x1085.jpg 768w, https:\/\/royalpoint.cz\/wp-content\/uploads\/2026\/04\/6881559912be0037cd341df3_Menu-RIB-DE-5-1087x1536.jpg 1087w, https:\/\/royalpoint.cz\/wp-content\/uploads\/2026\/04\/6881559912be0037cd341df3_Menu-RIB-DE-5-1450x2048.jpg 1450w, https:\/\/royalpoint.cz\/wp-content\/uploads\/2026\/04\/6881559912be0037cd341df3_Menu-RIB-DE-5-8x12.jpg 8w\" sizes=\"(max-width: 1450px) 100vw, 1450px\" \/>\t\t\t\t\t\t\t\t\t\t\t\t\t\t\t<\/div>\n\t\t\t\t<div class=\"elementor-element elementor-element-3519ae0 elementor-widget elementor-widget-image\" data-id=\"3519ae0\" data-element_type=\"widget\" data-e-type=\"widget\" data-widget_type=\"image.default\">\n\t\t\t\t\t\t\t\t\t\t\t\t\t\t\t<img loading=\"lazy\" decoding=\"async\" width=\"1450\" height=\"2048\" src=\"https:\/\/royalpoint.cz\/wp-content\/uploads\/2026\/04\/688155a27484f0a520deb22b_Menu-RIB-DE-6.jpg\" class=\"attachment-2048x2048 size-2048x2048 wp-image-757\" alt=\"\" srcset=\"https:\/\/royalpoint.cz\/wp-content\/uploads\/2026\/04\/688155a27484f0a520deb22b_Menu-RIB-DE-6.jpg 1787w, https:\/\/royalpoint.cz\/wp-content\/uploads\/2026\/04\/688155a27484f0a520deb22b_Menu-RIB-DE-6-212x300.jpg 212w, https:\/\/royalpoint.cz\/wp-content\/uploads\/2026\/04\/688155a27484f0a520deb22b_Menu-RIB-DE-6-724x1024.jpg 724w, https:\/\/royalpoint.cz\/wp-content\/uploads\/2026\/04\/688155a27484f0a520deb22b_Menu-RIB-DE-6-768x1086.jpg 768w, https:\/\/royalpoint.cz\/wp-content\/uploads\/2026\/04\/688155a27484f0a520deb22b_Menu-RIB-DE-6-1086x1536.jpg 1086w, https:\/\/royalpoint.cz\/wp-content\/uploads\/2026\/04\/688155a27484f0a520deb22b_Menu-RIB-DE-6-1448x2048.jpg 1448w, https:\/\/royalpoint.cz\/wp-content\/uploads\/2026\/04\/688155a27484f0a520deb22b_Menu-RIB-DE-6-8x12.jpg 8w\" sizes=\"(max-width: 1450px) 100vw, 1450px\" \/>\t\t\t\t\t\t\t\t\t\t\t\t\t\t\t<\/div>\n\t\t\t\t<div class=\"elementor-element elementor-element-5c12797 elementor-widget elementor-widget-image\" data-id=\"5c12797\" data-element_type=\"widget\" data-e-type=\"widget\" data-widget_type=\"image.default\">\n\t\t\t\t\t<style>.elementor-element-5c12797{display:none !important}<\/style>\t\t\t\t<\/div>\n\t\t\t\t\t<\/div>\n\t\t\t\t<\/div>\n\t\t\t\t<\/div>\n\t\t\t\t\t<\/div>\n\t\t<\/div>\n\t\t\t\t\t\t<\/div>\n\t\t\t\t<\/div>\n\t\t\t\t<\/div>\n\t\t\t\t\t<\/div>\n\t\t\t\t<\/div>\n\t\t\t\t<\/div>","protected":false},"excerpt":{"rendered":"<p>Menu Na\u0161e nab\u00eddka Cel\u00e9 menu Denn\u00ed menu Speisekarte<\/p>","protected":false},"author":1,"featured_media":0,"parent":0,"menu_order":0,"comment_status":"closed","ping_status":"closed","template":"elementor_header_footer","meta":{"footnotes":""},"class_list":["post-405","page","type-page","status-publish","hentry"],"_links":{"self":[{"href":"https:\/\/royalpoint.cz\/de\/wp-json\/wp\/v2\/pages\/405","targetHints":{"allow":["GET"]}}],"collection":[{"href":"https:\/\/royalpoint.cz\/de\/wp-json\/wp\/v2\/pages"}],"about":[{"href":"https:\/\/royalpoint.cz\/de\/wp-json\/wp\/v2\/types\/page"}],"author":[{"embeddable":true,"href":"https:\/\/royalpoint.cz\/de\/wp-json\/wp\/v2\/users\/1"}],"replies":[{"embeddable":true,"href":"https:\/\/royalpoint.cz\/de\/wp-json\/wp\/v2\/comments?post=405"}],"version-history":[{"count":61,"href":"https:\/\/royalpoint.cz\/de\/wp-json\/wp\/v2\/pages\/405\/revisions"}],"predecessor-version":[{"id":1464,"href":"https:\/\/royalpoint.cz\/de\/wp-json\/wp\/v2\/pages\/405\/revisions\/1464"}],"wp:attachment":[{"href":"https:\/\/royalpoint.cz\/de\/wp-json\/wp\/v2\/media?parent=405"}],"curies":[{"name":"wp","href":"https:\/\/api.w.org\/{rel}","templated":true}]}}