{"id":445,"date":"2026-03-29T15:44:14","date_gmt":"2026-03-29T15:44:14","guid":{"rendered":"https:\/\/royalpoint.cz\/?page_id=445"},"modified":"2026-04-13T14:36:47","modified_gmt":"2026-04-13T14:36:47","slug":"o-nas","status":"publish","type":"page","link":"https:\/\/royalpoint.cz\/de\/o-nas\/","title":{"rendered":"\u00dcber uns"},"content":{"rendered":"<div data-elementor-type=\"wp-page\" data-elementor-id=\"445\" class=\"elementor elementor-445\" data-elementor-post-type=\"page\">\n\t\t\t\t<div class=\"elementor-element elementor-element-bfa8d9a e-flex e-con-boxed e-con e-parent\" data-id=\"bfa8d9a\" data-element_type=\"container\" data-e-type=\"container\" data-settings=\"{&quot;background_background&quot;:&quot;classic&quot;}\">\n\t\t\t\t\t<div class=\"e-con-inner\">\n\t\t\t\t<div class=\"elementor-element elementor-element-70e9fb1 animated-fast elementor-invisible elementor-widget elementor-widget-heading\" data-id=\"70e9fb1\" data-element_type=\"widget\" data-e-type=\"widget\" data-settings=\"{&quot;_animation&quot;:&quot;fadeInUp&quot;}\" data-widget_type=\"heading.default\">\n\t\t\t\t\t<h2 class=\"elementor-heading-title elementor-size-default\">\u00dcber uns\n<\/h2>\t\t\t\t<\/div>\n\t\t\t\t\t<\/div>\n\t\t\t\t<\/div>\n\t\t<div class=\"elementor-element elementor-element-eb1dfea e-flex e-con-boxed e-con e-parent\" data-id=\"eb1dfea\" data-element_type=\"container\" data-e-type=\"container\">\n\t\t\t\t\t<div class=\"e-con-inner\">\n\t\t<div class=\"elementor-element elementor-element-53bd0ac e-con-full elementor-hidden-tablet elementor-hidden-mobile e-flex e-con e-child\" data-id=\"53bd0ac\" data-element_type=\"container\" data-e-type=\"container\" data-settings=\"{&quot;background_background&quot;:&quot;classic&quot;}\">\n\t\t\t\t<\/div>\n\t\t<div class=\"elementor-element elementor-element-e80e060 e-con-full e-flex e-con e-child\" data-id=\"e80e060\" data-element_type=\"container\" data-e-type=\"container\">\n\t\t\t\t<div class=\"elementor-element elementor-element-92b0ea9 elementor-widget elementor-widget-image\" data-id=\"92b0ea9\" data-element_type=\"widget\" data-e-type=\"widget\" data-widget_type=\"image.default\">\n\t\t\t\t\t\t\t\t\t\t\t\t\t\t\t<img fetchpriority=\"high\" decoding=\"async\" width=\"1003\" height=\"249\" src=\"https:\/\/royalpoint.cz\/wp-content\/uploads\/2026\/03\/Gemini_Generated_Image_b6pb9wb6pb9wb6pb-removebg-preview-1.png\" class=\"attachment-2048x2048 size-2048x2048 wp-image-453\" alt=\"\" srcset=\"https:\/\/royalpoint.cz\/wp-content\/uploads\/2026\/03\/Gemini_Generated_Image_b6pb9wb6pb9wb6pb-removebg-preview-1.png 1003w, https:\/\/royalpoint.cz\/wp-content\/uploads\/2026\/03\/Gemini_Generated_Image_b6pb9wb6pb9wb6pb-removebg-preview-1-300x74.png 300w, https:\/\/royalpoint.cz\/wp-content\/uploads\/2026\/03\/Gemini_Generated_Image_b6pb9wb6pb9wb6pb-removebg-preview-1-768x191.png 768w\" sizes=\"(max-width: 1003px) 100vw, 1003px\" \/>\t\t\t\t\t\t\t\t\t\t\t\t\t\t\t<\/div>\n\t\t\t\t<div class=\"elementor-element elementor-element-8010a93 animated-fast elementor-invisible elementor-widget elementor-widget-heading\" data-id=\"8010a93\" data-element_type=\"widget\" data-e-type=\"widget\" data-settings=\"{&quot;_animation&quot;:&quot;fadeInUp&quot;}\" data-widget_type=\"heading.default\">\n\t\t\t\t\t<h2 class=\"elementor-heading-title elementor-size-default\">\u00dcber das Restaurant\n<\/h2>\t\t\t\t<\/div>\n\t\t\t\t<div class=\"elementor-element elementor-element-687bd81 animated-fast elementor-invisible elementor-widget elementor-widget-heading\" data-id=\"687bd81\" data-element_type=\"widget\" data-e-type=\"widget\" data-settings=\"{&quot;_animation&quot;:&quot;fadeInUp&quot;}\" data-widget_type=\"heading.default\">\n\t\t\t\t\t<h2 class=\"elementor-heading-title elementor-size-default\">Wir servieren unseren G\u00e4sten nur die h\u00f6chste Qualit\u00e4t der vielf\u00e4ltigen traditionellen tschechischen K\u00fcche. Eine Tasse gro\u00dfartigen MANUEL-Kaffee aus 80% Arabica. Frische und liebevoll zubereitete Desserts k\u00f6nnen Sie bei uns nicht nur am Nachmittag genie\u00dfen. Dank unserer angenehmen Atmosph\u00e4re und dem ausgezeichneten Essen werden Sie nicht z\u00f6gern, den ganzen Tag bei uns zu verbringen. Wir freuen uns auf Ihren Besuch. Dank kostenlosem WLAN k\u00f6nnen Sie jederzeit arbeiten oder mit Freunden in Kontakt bleiben.\n\n<\/h2>\t\t\t\t<\/div>\n\t\t\t\t<div class=\"elementor-element elementor-element-d356266 elementor-align-center animated-fast elementor-invisible elementor-widget elementor-widget-button\" data-id=\"d356266\" data-element_type=\"widget\" data-e-type=\"widget\" data-settings=\"{&quot;_animation&quot;:&quot;fadeInUp&quot;}\" data-no-translation=\"\" data-widget_type=\"button.default\">\n\t\t\t\t\t<style>.elementor-element-d356266{display:none !important}<\/style>\t\t\t\t<\/div>\n\t\t\t\t<div class=\"elementor-element elementor-element-4a29c0e elementor-align-center animated-fast elementor-invisible elementor-widget elementor-widget-button\" data-id=\"4a29c0e\" data-element_type=\"widget\" data-e-type=\"widget\" data-settings=\"{&quot;_animation&quot;:&quot;fadeInUp&quot;}\" data-no-translation=\"\" data-widget_type=\"button.default\">\n\t\t\t\t\t\t\t\t\t\t<a class=\"elementor-button elementor-button-link elementor-size-sm\" href=\"https:\/\/royalpoint.cz\/de\/menu\/\">\n\t\t\t\t\t\t<span class=\"elementor-button-content-wrapper\">\n\t\t\t\t\t\t\t\t\t<span class=\"elementor-button-text\">Zeige das Men\u00fc<\/span>\n\t\t\t\t\t<\/span>\n\t\t\t\t\t<\/a>\n\t\t\t\t\t\t\t\t<\/div>\n\t\t\t\t<\/div>\n\t\t\t\t\t<\/div>\n\t\t\t\t<\/div>\n\t\t<div class=\"elementor-element elementor-element-6ad6a93 e-con-full e-flex e-con e-parent\" data-id=\"6ad6a93\" data-element_type=\"container\" data-e-type=\"container\">\n\t\t<div class=\"elementor-element elementor-element-365bf9a e-con-full e-flex e-con e-child\" data-id=\"365bf9a\" data-element_type=\"container\" data-e-type=\"container\">\n\t\t\t\t<div class=\"elementor-element elementor-element-21a4588 elementor-view-default elementor-widget elementor-widget-icon\" data-id=\"21a4588\" data-element_type=\"widget\" data-e-type=\"widget\" data-widget_type=\"icon.default\">\n\t\t\t\t\t\t\t<div class=\"elementor-icon-wrapper\">\n\t\t\t<div class=\"elementor-icon\">\n\t\t\t<svg xmlns=\"http:\/\/www.w3.org\/2000\/svg\" height=\"512\" viewbox=\"0 0 512 512\" width=\"512\"><g><path d=\"m446.66 107.56-32-48a8.033 8.033 0 0 0 -6.66-3.56h-120v-40a8 8 0 0 0 -8-8h-48a8 8 0 0 0 -8 8v40h-88a8 8 0 0 0 -8 8v96a8 8 0 0 0 8 8h88v32h-120a8.033 8.033 0 0 0 -6.66 3.56l-32 48a8.013 8.013 0 0 0 0 8.88l32 48a8.033 8.033 0 0 0 6.66 3.56h120v176h-80a8 8 0 0 0 0 16h192a8 8 0 0 0 0-16h-48v-176h88a8 8 0 0 0 8-8v-96a8 8 0 0 0 -8-8h-88v-32h120a8.033 8.033 0 0 0 6.66-3.56l32-48a8.013 8.013 0 0 0 0-8.88zm-206.66-83.56h32v32h-32zm32 464h-32v-176h32zm96-272v80h-259.72l-26.67-40 26.67-40zm-128-16v-32h32v32zm163.72-48h-259.72v-80h259.72l26.67 40z\"><\/path><path d=\"m368 488h-8a8 8 0 0 0 0 16h8a8 8 0 0 0 0-16z\"><\/path><\/g><\/svg>\t\t\t<\/div>\n\t\t<\/div>\n\t\t\t\t\t\t<\/div>\n\t\t\t\t<div class=\"elementor-element elementor-element-1c23692 elementor-widget-divider--view-line elementor-widget elementor-widget-divider\" data-id=\"1c23692\" data-element_type=\"widget\" data-e-type=\"widget\" data-widget_type=\"divider.default\">\n\t\t\t\t\t\t\t<div class=\"elementor-divider\">\n\t\t\t<span class=\"elementor-divider-separator\">\n\t\t\t\t\t\t<\/span>\n\t\t<\/div>\n\t\t\t\t\t\t<\/div>\n\t\t\t\t<div class=\"elementor-element elementor-element-107745b animated-fast elementor-widget__width-initial elementor-invisible elementor-widget elementor-widget-heading\" data-id=\"107745b\" data-element_type=\"widget\" data-e-type=\"widget\" data-settings=\"{&quot;_animation&quot;:&quot;fadeInUp&quot;}\" data-widget_type=\"heading.default\">\n\t\t\t\t\t<h2 class=\"elementor-heading-title elementor-size-default\">Svat\u00e1 Kate\u0159ina 108\n348 06 Rozvadov\nmapa\n<\/h2>\t\t\t\t<\/div>\n\t\t\t\t<\/div>\n\t\t<div class=\"elementor-element elementor-element-77c8153 e-con-full e-flex e-con e-child\" data-id=\"77c8153\" data-element_type=\"container\" data-e-type=\"container\">\n\t\t\t\t<div class=\"elementor-element elementor-element-c5ec933 elementor-view-default elementor-widget elementor-widget-icon\" data-id=\"c5ec933\" data-element_type=\"widget\" data-e-type=\"widget\" data-widget_type=\"icon.default\">\n\t\t\t\t\t\t\t<div class=\"elementor-icon-wrapper\">\n\t\t\t<div class=\"elementor-icon\">\n\t\t\t<svg xmlns=\"http:\/\/www.w3.org\/2000\/svg\" xmlns:xlink=\"http:\/\/www.w3.org\/1999\/xlink\" id=\"Capa_1\" x=\"0px\" y=\"0px\" viewbox=\"0 0 512.076 512.076\" style=\"enable-background:new 0 0 512.076 512.076;\" xml:space=\"preserve\"><g transform=\"translate(-1 -1)\">\t<g>\t\t<g>\t\t\t<path d=\"M499.639,396.039l-103.646-69.12c-13.153-8.701-30.784-5.838-40.508,6.579l-30.191,38.818    c-3.88,5.116-10.933,6.6-16.546,3.482l-5.743-3.166c-19.038-10.377-42.726-23.296-90.453-71.04s-60.672-71.45-71.049-90.453    l-3.149-5.743c-3.161-5.612-1.705-12.695,3.413-16.606l38.792-30.182c12.412-9.725,15.279-27.351,6.588-40.508l-69.12-103.646    C109.12,1.056,91.25-2.966,77.461,5.323L34.12,31.358C20.502,39.364,10.511,52.33,6.242,67.539    c-15.607,56.866-3.866,155.008,140.706,299.597c115.004,114.995,200.619,145.92,259.465,145.92    c13.543,0.058,27.033-1.704,40.107-5.239c15.212-4.264,28.18-14.256,36.181-27.878l26.061-43.315    C517.063,422.832,513.043,404.951,499.639,396.039z M494.058,427.868l-26.001,43.341c-5.745,9.832-15.072,17.061-26.027,20.173    c-52.497,14.413-144.213,2.475-283.008-136.32S8.29,124.559,22.703,72.054c3.116-10.968,10.354-20.307,20.198-26.061    l43.341-26.001c5.983-3.6,13.739-1.855,17.604,3.959l37.547,56.371l31.514,47.266c3.774,5.707,2.534,13.356-2.85,17.579    l-38.801,30.182c-11.808,9.029-15.18,25.366-7.91,38.332l3.081,5.598c10.906,20.002,24.465,44.885,73.967,94.379    c49.502,49.493,74.377,63.053,94.37,73.958l5.606,3.089c12.965,7.269,29.303,3.898,38.332-7.91l30.182-38.801    c4.224-5.381,11.87-6.62,17.579-2.85l103.637,69.12C495.918,414.126,497.663,421.886,494.058,427.868z\"><\/path>\t\t\t<path d=\"M291.161,86.39c80.081,0.089,144.977,64.986,145.067,145.067c0,4.713,3.82,8.533,8.533,8.533s8.533-3.82,8.533-8.533    c-0.099-89.503-72.63-162.035-162.133-162.133c-4.713,0-8.533,3.82-8.533,8.533S286.448,86.39,291.161,86.39z\"><\/path>\t\t\t<path d=\"M291.161,137.59c51.816,0.061,93.806,42.051,93.867,93.867c0,4.713,3.821,8.533,8.533,8.533    c4.713,0,8.533-3.82,8.533-8.533c-0.071-61.238-49.696-110.863-110.933-110.933c-4.713,0-8.533,3.82-8.533,8.533    S286.448,137.59,291.161,137.59z\"><\/path>\t\t\t<path d=\"M291.161,188.79c23.552,0.028,42.638,19.114,42.667,42.667c0,4.713,3.821,8.533,8.533,8.533s8.533-3.82,8.533-8.533    c-0.038-32.974-26.759-59.696-59.733-59.733c-4.713,0-8.533,3.82-8.533,8.533S286.448,188.79,291.161,188.79z\"><\/path>\t\t<\/g>\t<\/g><\/g><g><\/g><g><\/g><g><\/g><g><\/g><g><\/g><g><\/g><g><\/g><g><\/g><g><\/g><g><\/g><g><\/g><g><\/g><g><\/g><g><\/g><g><\/g><\/svg>\t\t\t<\/div>\n\t\t<\/div>\n\t\t\t\t\t\t<\/div>\n\t\t\t\t<div class=\"elementor-element elementor-element-1342798 elementor-widget-divider--view-line elementor-widget elementor-widget-divider\" data-id=\"1342798\" data-element_type=\"widget\" data-e-type=\"widget\" data-widget_type=\"divider.default\">\n\t\t\t\t\t\t\t<div class=\"elementor-divider\">\n\t\t\t<span class=\"elementor-divider-separator\">\n\t\t\t\t\t\t<\/span>\n\t\t<\/div>\n\t\t\t\t\t\t<\/div>\n\t\t\t\t<div class=\"elementor-element elementor-element-c0bf3b1 animated-fast elementor-widget__width-initial elementor-invisible elementor-widget elementor-widget-heading\" data-id=\"c0bf3b1\" data-element_type=\"widget\" data-e-type=\"widget\" data-settings=\"{&quot;_animation&quot;:&quot;fadeInUp&quot;}\" data-widget_type=\"heading.default\">\n\t\t\t\t\t<h2 class=\"elementor-heading-title elementor-size-default\">+420 607 445 363\n<\/h2>\t\t\t\t<\/div>\n\t\t\t\t<\/div>\n\t\t<div class=\"elementor-element elementor-element-2e69762 e-con-full e-flex e-con e-child\" data-id=\"2e69762\" data-element_type=\"container\" data-e-type=\"container\">\n\t\t\t\t<div class=\"elementor-element elementor-element-3756957 elementor-view-default elementor-widget elementor-widget-icon\" data-id=\"3756957\" data-element_type=\"widget\" data-e-type=\"widget\" data-widget_type=\"icon.default\">\n\t\t\t\t\t\t\t<div class=\"elementor-icon-wrapper\">\n\t\t\t<div class=\"elementor-icon\">\n\t\t\t<svg xmlns=\"http:\/\/www.w3.org\/2000\/svg\" xmlns:xlink=\"http:\/\/www.w3.org\/1999\/xlink\" id=\"Capa_1\" x=\"0px\" y=\"0px\" viewbox=\"0 0 454.573 454.573\" style=\"enable-background:new 0 0 454.573 454.573;\" xml:space=\"preserve\"><g>\t<g>\t\t<g>\t\t\t<path d=\"M452.441,156.234l-65.829-46.498V41.817c-0.66-6.728-5.843-12.128-12.539-13.061H85.682    c-6.695,0.934-11.879,6.333-12.539,13.061v67.396l-68.441,47.02c-2.711,1.968-4.428,5.021-4.702,8.359v248.163    c0.89,6.811,6.25,12.172,13.061,13.061h433.633c5.747,0,7.837-6.792,7.837-13.061V164.593    C454.531,161.458,455.053,158.323,452.441,156.234z M386.612,134.813l44.931,30.824l-44.931,33.959V134.813z M94.041,49.654    h271.673v166.139l-135.837,102.4l-135.837-102.4V49.654z M73.143,134.291v65.829l-44.931-34.482L73.143,134.291z M20.898,187.058    l146.286,110.759L20.898,396.56V187.058z M45.976,404.919l138.971-93.518l37.094,28.212c2.1,1.623,4.661,2.538,7.314,2.612    c2.09,0,3.135-1.045,5.224-2.612l38.661-29.78l140.539,95.086H45.976z M433.633,392.903l-143.151-96.131l143.151-109.714V392.903    z\"><\/path>\t\t\t<path d=\"M146.286,117.572h47.02c5.771,0,10.449-4.678,10.449-10.449s-4.678-10.449-10.449-10.449h-47.02    c-5.771,0-10.449,4.678-10.449,10.449S140.515,117.572,146.286,117.572z\"><\/path>\t\t\t<path d=\"M146.286,164.593h167.184c5.771,0,10.449-4.678,10.449-10.449s-4.678-10.449-10.449-10.449H146.286    c-5.771,0-10.449,4.678-10.449,10.449S140.515,164.593,146.286,164.593z\"><\/path>\t\t\t<path d=\"M323.918,201.164c0-5.771-4.678-10.449-10.449-10.449H146.286c-5.771,0-10.449,4.678-10.449,10.449    s4.678,10.449,10.449,10.449h167.184C319.24,211.613,323.918,206.935,323.918,201.164z\"><\/path>\t\t<\/g>\t<\/g><\/g><g><\/g><g><\/g><g><\/g><g><\/g><g><\/g><g><\/g><g><\/g><g><\/g><g><\/g><g><\/g><g><\/g><g><\/g><g><\/g><g><\/g><g><\/g><\/svg>\t\t\t<\/div>\n\t\t<\/div>\n\t\t\t\t\t\t<\/div>\n\t\t\t\t<div class=\"elementor-element elementor-element-a4733f1 elementor-widget-divider--view-line elementor-widget elementor-widget-divider\" data-id=\"a4733f1\" data-element_type=\"widget\" data-e-type=\"widget\" data-widget_type=\"divider.default\">\n\t\t\t\t\t\t\t<div class=\"elementor-divider\">\n\t\t\t<span class=\"elementor-divider-separator\">\n\t\t\t\t\t\t<\/span>\n\t\t<\/div>\n\t\t\t\t\t\t<\/div>\n\t\t\t\t<div class=\"elementor-element elementor-element-432dfe1 animated-fast elementor-widget__width-initial elementor-invisible elementor-widget elementor-widget-heading\" data-id=\"432dfe1\" data-element_type=\"widget\" data-e-type=\"widget\" data-settings=\"{&quot;_animation&quot;:&quot;fadeInUp&quot;}\" data-widget_type=\"heading.default\">\n\t\t\t\t\t<h2 class=\"elementor-heading-title elementor-size-default\">info@royalpoint.cz<\/h2>\t\t\t\t<\/div>\n\t\t\t\t<\/div>\n\t\t<div class=\"elementor-element elementor-element-3cdaee2 e-con-full e-flex e-con e-child\" data-id=\"3cdaee2\" data-element_type=\"container\" data-e-type=\"container\">\n\t\t\t\t<div class=\"elementor-element elementor-element-8450fc9 elementor-view-default elementor-widget elementor-widget-icon\" data-id=\"8450fc9\" data-element_type=\"widget\" data-e-type=\"widget\" data-widget_type=\"icon.default\">\n\t\t\t\t\t\t\t<div class=\"elementor-icon-wrapper\">\n\t\t\t<div class=\"elementor-icon\">\n\t\t\t<svg xmlns=\"http:\/\/www.w3.org\/2000\/svg\" id=\"Capa_1\" height=\"512\" viewbox=\"0 0 512 512\" width=\"512\"><g><g><path d=\"m444.555 191.141h-238c-4.142 0-7.5 3.358-7.5 7.5s3.358 7.5 7.5 7.5h238c4.142 0 7.5-3.358 7.5-7.5s-3.358-7.5-7.5-7.5z\"><\/path><path d=\"m444.555 248.474h-238c-4.142 0-7.5 3.358-7.5 7.5s3.358 7.5 7.5 7.5h238c4.142 0 7.5-3.358 7.5-7.5s-3.358-7.5-7.5-7.5z\"><\/path><path d=\"m444.555 305.807h-238c-4.142 0-7.5 3.358-7.5 7.5s3.358 7.5 7.5 7.5h238c4.142 0 7.5-3.358 7.5-7.5s-3.358-7.5-7.5-7.5z\"><\/path><path d=\"m468.378 125.549h-285.646c-24.053 0-43.622 19.568-43.622 43.622v179.617c0 24.053 19.568 43.622 43.622 43.622h200.211c2.141 0 4.13.963 5.458 2.644l64.655 81.853c2.548 3.226 6.266 4.984 10.159 4.984 1.447 0 2.919-.243 4.363-.745 5.327-1.85 8.769-6.689 8.769-12.328v-77.153c20.225-3.778 35.653-21.659 35.653-42.877v-179.618c0-24.053-19.568-43.621-43.622-43.621zm28.622 223.239c0 15.577-12.673 28.412-28.25 28.61-4.104.053-7.404 3.395-7.404 7.5v78.305l-61.174-77.447c-4.189-5.305-10.469-8.347-17.229-8.347h-200.211c-15.782 0-28.622-12.84-28.622-28.622v-179.617c0-15.782 12.839-28.622 28.622-28.622h285.646c15.782 0 28.622 12.84 28.622 28.622z\"><\/path><path d=\"m110.494 249.561c-5.13.728-9.724 3.369-12.936 7.435l-51.521 65.226v-65.371c0-4.105-3.3-7.447-7.404-7.5-13.031-.166-23.633-10.903-23.633-23.935v-156.361c0-13.203 10.742-23.945 23.945-23.945h248.663c13.203 0 23.945 10.742 23.945 23.945v28.932c0 4.142 3.358 7.5 7.5 7.5s7.5-3.358 7.5-7.5v-28.932c0-21.474-17.471-38.945-38.945-38.945h-248.663c-21.474 0-38.945 17.471-38.945 38.945v156.361c0 18.667 13.371 34.438 31.038 38.124v66.366c0 5.328 3.252 9.901 8.286 11.649 1.365.474 2.755.704 4.123.704 3.677 0 7.192-1.662 9.599-4.709l56.284-71.256c.812-1.029 1.975-1.697 3.273-1.882 4.101-.582 6.954-4.379 6.371-8.48-.582-4.101-4.373-6.956-8.48-6.371z\"><\/path><\/g><\/g><\/svg>\t\t\t<\/div>\n\t\t<\/div>\n\t\t\t\t\t\t<\/div>\n\t\t\t\t<div class=\"elementor-element elementor-element-c437490 elementor-widget-divider--view-line elementor-widget elementor-widget-divider\" data-id=\"c437490\" data-element_type=\"widget\" data-e-type=\"widget\" data-widget_type=\"divider.default\">\n\t\t\t\t\t\t\t<div class=\"elementor-divider\">\n\t\t\t<span class=\"elementor-divider-separator\">\n\t\t\t\t\t\t<\/span>\n\t\t<\/div>\n\t\t\t\t\t\t<\/div>\n\t\t\t\t<div class=\"elementor-element elementor-element-4919381 animated-fast elementor-widget__width-initial elementor-invisible elementor-widget elementor-widget-heading\" data-id=\"4919381\" data-element_type=\"widget\" data-e-type=\"widget\" data-settings=\"{&quot;_animation&quot;:&quot;fadeInUp&quot;}\" data-widget_type=\"heading.default\">\n\t\t\t\t\t<h2 class=\"elementor-heading-title elementor-size-default\">Schreiben Sie uns eine Nachricht<\/h2>\t\t\t\t<\/div>\n\t\t\t\t<\/div>\n\t\t\t\t<\/div>\n\t\t\t\t<\/div>","protected":false},"excerpt":{"rendered":"<p>O n\u00e1s O restauraci Nab\u00edz\u00edme modern\u00ed \u010deskou kuchyni se zam\u011b\u0159en\u00edm na lok\u00e1ln\u00ed a sez\u00f3nn\u00ed receptury. Skladba j\u00eddeln\u00edho l\u00edstku vych\u00e1z\u00ed vst\u0159\u00edc ka\u017ed\u00e9mu z\u00e1kazn\u00edkovi. V na\u0161\u00ed restauraci si pochutnaj\u00ed p\u0159\u00edznivci tradi\u010dn\u00ed \u010desk\u00e9 kuchyn\u011b, d\u011bti ale tak\u00e9 n\u00e1ro\u010dn\u00ed z\u00e1kazn\u00edci miluj\u00edc\u00ed hov\u011bz\u00ed steaky a jin\u00e9 speciality. Svat\u00e1 Kate\u0159ina 108 348 06 Rozvadov mapa +420 607 445 363 info@royalpoint.cz Napi\u0161t\u011b [&hellip;]<\/p>\n","protected":false},"author":1,"featured_media":0,"parent":0,"menu_order":0,"comment_status":"closed","ping_status":"closed","template":"elementor_header_footer","meta":{"footnotes":""},"class_list":["post-445","page","type-page","status-publish","hentry"],"_links":{"self":[{"href":"https:\/\/royalpoint.cz\/de\/wp-json\/wp\/v2\/pages\/445","targetHints":{"allow":["GET"]}}],"collection":[{"href":"https:\/\/royalpoint.cz\/de\/wp-json\/wp\/v2\/pages"}],"about":[{"href":"https:\/\/royalpoint.cz\/de\/wp-json\/wp\/v2\/types\/page"}],"author":[{"embeddable":true,"href":"https:\/\/royalpoint.cz\/de\/wp-json\/wp\/v2\/users\/1"}],"replies":[{"embeddable":true,"href":"https:\/\/royalpoint.cz\/de\/wp-json\/wp\/v2\/comments?post=445"}],"version-history":[{"count":121,"href":"https:\/\/royalpoint.cz\/de\/wp-json\/wp\/v2\/pages\/445\/revisions"}],"predecessor-version":[{"id":1404,"href":"https:\/\/royalpoint.cz\/de\/wp-json\/wp\/v2\/pages\/445\/revisions\/1404"}],"wp:attachment":[{"href":"https:\/\/royalpoint.cz\/de\/wp-json\/wp\/v2\/media?parent=445"}],"curies":[{"name":"wp","href":"https:\/\/api.w.org\/{rel}","templated":true}]}}