{"id":501,"date":"2026-03-29T16:22:57","date_gmt":"2026-03-29T16:22:57","guid":{"rendered":"https:\/\/royalpoint.cz\/?page_id=501"},"modified":"2026-04-04T18:10:29","modified_gmt":"2026-04-04T18:10:29","slug":"poukaz","status":"publish","type":"page","link":"https:\/\/royalpoint.cz\/de\/poukaz\/","title":{"rendered":"poukaz"},"content":{"rendered":"<div data-elementor-type=\"wp-page\" data-elementor-id=\"501\" class=\"elementor elementor-501\" data-elementor-post-type=\"page\">\n\t\t\t\t<div class=\"elementor-element elementor-element-cde6b00 e-flex e-con-boxed e-con e-parent\" data-id=\"cde6b00\" data-element_type=\"container\" data-e-type=\"container\" data-settings=\"{&quot;background_background&quot;:&quot;classic&quot;}\">\n\t\t\t\t\t<div class=\"e-con-inner\">\n\t\t\t\t<div class=\"elementor-element elementor-element-3320e3a animated-fast elementor-invisible elementor-widget elementor-widget-heading\" data-id=\"3320e3a\" data-element_type=\"widget\" data-e-type=\"widget\" data-settings=\"{&quot;_animation&quot;:&quot;fadeInUp&quot;}\" data-widget_type=\"heading.default\">\n\t\t\t\t\t<h2 class=\"elementor-heading-title elementor-size-default\">Geschenkgutschein\n<\/h2>\t\t\t\t<\/div>\n\t\t\t\t\t<\/div>\n\t\t\t\t<\/div>\n\t\t<div class=\"elementor-element elementor-element-47d38b9 e-flex e-con-boxed e-con e-parent\" data-id=\"47d38b9\" data-element_type=\"container\" data-e-type=\"container\">\n\t\t\t\t\t<div class=\"e-con-inner\">\n\t\t<div class=\"elementor-element elementor-element-9bc1c46 e-con-full e-flex e-con e-child\" data-id=\"9bc1c46\" data-element_type=\"container\" data-e-type=\"container\">\n\t\t\t\t<div class=\"elementor-element elementor-element-9a8a8d3 elementor-widget elementor-widget-image\" data-id=\"9a8a8d3\" data-element_type=\"widget\" data-e-type=\"widget\" data-widget_type=\"image.default\">\n\t\t\t\t\t\t\t\t\t\t\t\t\t\t\t\t<a href=\"https:\/\/royalpoint.cz\/de\/poukaz-500-kc\/\">\n\t\t\t\t\t\t\t<img fetchpriority=\"high\" decoding=\"async\" width=\"916\" height=\"524\" src=\"https:\/\/royalpoint.cz\/wp-content\/uploads\/2026\/04\/61421d31a28559f4a1443cba_Poukaz-500-DE.png\" class=\"attachment-2048x2048 size-2048x2048 wp-image-507\" alt=\"\" srcset=\"https:\/\/royalpoint.cz\/wp-content\/uploads\/2026\/04\/61421d31a28559f4a1443cba_Poukaz-500-DE.png 916w, https:\/\/royalpoint.cz\/wp-content\/uploads\/2026\/04\/61421d31a28559f4a1443cba_Poukaz-500-DE-300x172.png 300w, https:\/\/royalpoint.cz\/wp-content\/uploads\/2026\/04\/61421d31a28559f4a1443cba_Poukaz-500-DE-768x439.png 768w, https:\/\/royalpoint.cz\/wp-content\/uploads\/2026\/04\/61421d31a28559f4a1443cba_Poukaz-500-DE-18x10.png 18w\" sizes=\"(max-width: 916px) 100vw, 916px\" \/>\t\t\t\t\t\t\t\t<\/a>\n\t\t\t\t\t\t\t\t\t\t\t\t\t\t\t<\/div>\n\t\t<div class=\"elementor-element elementor-element-e644a76 e-con-full e-flex e-con e-child\" data-id=\"e644a76\" data-element_type=\"container\" data-e-type=\"container\">\n\t\t\t\t<div class=\"elementor-element elementor-element-a8d2ba9 animated-fast elementor-invisible elementor-widget elementor-widget-heading\" data-id=\"a8d2ba9\" data-element_type=\"widget\" data-e-type=\"widget\" data-settings=\"{&quot;_animation&quot;:&quot;fadeInUp&quot;}\" data-widget_type=\"heading.default\">\n\t\t\t\t\t<h2 class=\"elementor-heading-title elementor-size-default\"><a href=\"https:\/\/royalpoint.cz\/de\/poukaz-500-kc\/\">Geschenkgutschein CZK 500<\/a><\/h2>\t\t\t\t<\/div>\n\t\t\t\t<div class=\"elementor-element elementor-element-5b582fa animated-fast elementor-invisible elementor-widget elementor-widget-heading\" data-id=\"5b582fa\" data-element_type=\"widget\" data-e-type=\"widget\" data-settings=\"{&quot;_animation&quot;:&quot;fadeInUp&quot;}\" data-widget_type=\"heading.default\">\n\t\t\t\t\t<h2 class=\"elementor-heading-title elementor-size-default\"><a href=\"https:\/\/royalpoint.cz\/de\/poukaz-500-kc\/\">Sie k\u00f6nnen einen Gutschein verschenken...<\/a><\/h2>\t\t\t\t<\/div>\n\t\t\t\t<\/div>\n\t\t\t\t<\/div>\n\t\t<div class=\"elementor-element elementor-element-023e3e4 e-con-full e-flex e-con e-child\" data-id=\"023e3e4\" data-element_type=\"container\" data-e-type=\"container\">\n\t\t\t\t<div class=\"elementor-element elementor-element-1d286b4 elementor-widget elementor-widget-image\" data-id=\"1d286b4\" data-element_type=\"widget\" data-e-type=\"widget\" data-widget_type=\"image.default\">\n\t\t\t\t\t\t\t\t\t\t\t\t\t\t\t\t<a href=\"https:\/\/royalpoint.cz\/de\/darkovy-poukaz-1000-kc\/\">\n\t\t\t\t\t\t\t<img decoding=\"async\" width=\"916\" height=\"524\" src=\"https:\/\/royalpoint.cz\/wp-content\/uploads\/2026\/04\/61421d24aa2c1679a32e8666_Poukaz-1000-DE.png\" class=\"attachment-2048x2048 size-2048x2048 wp-image-511\" alt=\"\" srcset=\"https:\/\/royalpoint.cz\/wp-content\/uploads\/2026\/04\/61421d24aa2c1679a32e8666_Poukaz-1000-DE.png 916w, https:\/\/royalpoint.cz\/wp-content\/uploads\/2026\/04\/61421d24aa2c1679a32e8666_Poukaz-1000-DE-300x172.png 300w, https:\/\/royalpoint.cz\/wp-content\/uploads\/2026\/04\/61421d24aa2c1679a32e8666_Poukaz-1000-DE-768x439.png 768w, https:\/\/royalpoint.cz\/wp-content\/uploads\/2026\/04\/61421d24aa2c1679a32e8666_Poukaz-1000-DE-18x10.png 18w\" sizes=\"(max-width: 916px) 100vw, 916px\" \/>\t\t\t\t\t\t\t\t<\/a>\n\t\t\t\t\t\t\t\t\t\t\t\t\t\t\t<\/div>\n\t\t<div class=\"elementor-element elementor-element-b5fe624 e-con-full e-flex e-con e-child\" data-id=\"b5fe624\" data-element_type=\"container\" data-e-type=\"container\">\n\t\t\t\t<div class=\"elementor-element elementor-element-bf3f7bc animated-fast elementor-invisible elementor-widget elementor-widget-heading\" data-id=\"bf3f7bc\" data-element_type=\"widget\" data-e-type=\"widget\" data-settings=\"{&quot;_animation&quot;:&quot;fadeInUp&quot;}\" data-widget_type=\"heading.default\">\n\t\t\t\t\t<h2 class=\"elementor-heading-title elementor-size-default\"><a href=\"https:\/\/royalpoint.cz\/de\/darkovy-poukaz-1000-kc\/\">Geschenkgutschein CZK 1000<\/a><\/h2>\t\t\t\t<\/div>\n\t\t\t\t<div class=\"elementor-element elementor-element-c0c90f9 animated-fast elementor-invisible elementor-widget elementor-widget-heading\" data-id=\"c0c90f9\" data-element_type=\"widget\" data-e-type=\"widget\" data-settings=\"{&quot;_animation&quot;:&quot;fadeInUp&quot;}\" data-widget_type=\"heading.default\">\n\t\t\t\t\t<h2 class=\"elementor-heading-title elementor-size-default\"><a href=\"https:\/\/royalpoint.cz\/de\/darkovy-poukaz-1000-kc\/\">Sie k\u00f6nnen einen Gutschein verschenken...<\/a><\/h2>\t\t\t\t<\/div>\n\t\t\t\t<\/div>\n\t\t\t\t<\/div>\n\t\t<div class=\"elementor-element elementor-element-cdce067 e-con-full e-flex e-con e-child\" data-id=\"cdce067\" data-element_type=\"container\" data-e-type=\"container\">\n\t\t\t\t<div class=\"elementor-element elementor-element-9cc38a2 elementor-widget elementor-widget-image\" data-id=\"9cc38a2\" data-element_type=\"widget\" data-e-type=\"widget\" data-widget_type=\"image.default\">\n\t\t\t\t\t\t\t\t\t\t\t\t\t\t\t\t<a href=\"https:\/\/royalpoint.cz\/de\/vodni-dymka\/\">\n\t\t\t\t\t\t\t<img decoding=\"async\" src=\"https:\/\/royalpoint.cz\/wp-content\/uploads\/elementor\/thumbs\/wesley-balten-Ke6eNtGG018-unsplash-scaled-rly65w3ofu25slx6aptyj0lelgq61r32m7nx90mfp8.jpg\" title=\"wesley-balten-Ke6eNtGG018-unsplash\" alt=\"wesley-balten-Ke6eNtGG018-unsplash\" loading=\"lazy\" \/>\t\t\t\t\t\t\t\t<\/a>\n\t\t\t\t\t\t\t\t\t\t\t\t\t\t\t<\/div>\n\t\t<div class=\"elementor-element elementor-element-e5bfa42 e-con-full e-flex e-con e-child\" data-id=\"e5bfa42\" data-element_type=\"container\" data-e-type=\"container\">\n\t\t\t\t<div class=\"elementor-element elementor-element-1072a47 animated-fast elementor-invisible elementor-widget elementor-widget-heading\" data-id=\"1072a47\" data-element_type=\"widget\" data-e-type=\"widget\" data-settings=\"{&quot;_animation&quot;:&quot;fadeInUp&quot;}\" data-widget_type=\"heading.default\">\n\t\t\t\t\t<h2 class=\"elementor-heading-title elementor-size-default\"><a href=\"https:\/\/royalpoint.cz\/de\/vodni-dymka\/\">Huka<\/a><\/h2>\t\t\t\t<\/div>\n\t\t\t\t<\/div>\n\t\t\t\t<\/div>\n\t\t\t\t\t<\/div>\n\t\t\t\t<\/div>\n\t\t\t\t<\/div>","protected":false},"excerpt":{"rendered":"<p>D\u00e1rkov\u00fd poukaz D\u00e1rkov\u00fd poukaz 500 K\u010d D\u00e1rkov\u00fd poukaz m\u016f\u017eete v\u011bnovat&#8230; A uplatnit jej m\u016f\u017eete&#8230;. D\u00e1rkov\u00fd poukaz 1000 K\u010d D\u00e1rkov\u00fd poukaz m\u016f\u017eete v\u011bnovat&#8230; A uplatnit jej m\u016f\u017eete&#8230;. Vodn\u00ed d\u00fdmka<\/p>","protected":false},"author":1,"featured_media":0,"parent":0,"menu_order":0,"comment_status":"closed","ping_status":"closed","template":"elementor_header_footer","meta":{"footnotes":""},"class_list":["post-501","page","type-page","status-publish","hentry"],"_links":{"self":[{"href":"https:\/\/royalpoint.cz\/de\/wp-json\/wp\/v2\/pages\/501","targetHints":{"allow":["GET"]}}],"collection":[{"href":"https:\/\/royalpoint.cz\/de\/wp-json\/wp\/v2\/pages"}],"about":[{"href":"https:\/\/royalpoint.cz\/de\/wp-json\/wp\/v2\/types\/page"}],"author":[{"embeddable":true,"href":"https:\/\/royalpoint.cz\/de\/wp-json\/wp\/v2\/users\/1"}],"replies":[{"embeddable":true,"href":"https:\/\/royalpoint.cz\/de\/wp-json\/wp\/v2\/comments?post=501"}],"version-history":[{"count":55,"href":"https:\/\/royalpoint.cz\/de\/wp-json\/wp\/v2\/pages\/501\/revisions"}],"predecessor-version":[{"id":1304,"href":"https:\/\/royalpoint.cz\/de\/wp-json\/wp\/v2\/pages\/501\/revisions\/1304"}],"wp:attachment":[{"href":"https:\/\/royalpoint.cz\/de\/wp-json\/wp\/v2\/media?parent=501"}],"curies":[{"name":"wp","href":"https:\/\/api.w.org\/{rel}","templated":true}]}}