{"id":651,"date":"2026-04-01T20:34:29","date_gmt":"2026-04-01T20:34:29","guid":{"rendered":"https:\/\/royalpoint.cz\/?page_id=651"},"modified":"2026-04-01T21:15:08","modified_gmt":"2026-04-01T21:15:08","slug":"poukaz-500-kc","status":"publish","type":"page","link":"https:\/\/royalpoint.cz\/de\/poukaz-500-kc\/","title":{"rendered":"Poukaz 500 kc"},"content":{"rendered":"<div data-elementor-type=\"wp-page\" data-elementor-id=\"651\" class=\"elementor elementor-651\" data-elementor-post-type=\"page\">\n\t\t\t\t<div class=\"elementor-element elementor-element-01f490b e-flex e-con-boxed e-con e-parent\" data-id=\"01f490b\" data-element_type=\"container\" data-e-type=\"container\" data-settings=\"{&quot;background_background&quot;:&quot;classic&quot;}\">\n\t\t\t\t\t<div class=\"e-con-inner\">\n\t\t\t\t\t<\/div>\n\t\t\t\t<\/div>\n\t\t<div class=\"elementor-element elementor-element-93370a8 e-con-full e-flex e-con e-parent\" data-id=\"93370a8\" data-element_type=\"container\" data-e-type=\"container\" data-settings=\"{&quot;background_background&quot;:&quot;classic&quot;,&quot;position&quot;:&quot;absolute&quot;}\">\n\t\t<div class=\"elementor-element elementor-element-5d96508 e-con-full e-flex e-con e-child\" data-id=\"5d96508\" data-element_type=\"container\" data-e-type=\"container\" data-settings=\"{&quot;background_background&quot;:&quot;classic&quot;}\">\n\t\t\t\t<\/div>\n\t\t\t\t<\/div>\n\t\t<div class=\"elementor-element elementor-element-e6f33de e-flex e-con-boxed e-con e-parent\" data-id=\"e6f33de\" data-element_type=\"container\" data-e-type=\"container\">\n\t\t\t\t\t<div class=\"e-con-inner\">\n\t\t\t\t<div class=\"elementor-element elementor-element-4f78781 animated-fast elementor-widget__width-initial elementor-invisible elementor-widget elementor-widget-heading\" data-id=\"4f78781\" data-element_type=\"widget\" data-e-type=\"widget\" data-settings=\"{&quot;_animation&quot;:&quot;fadeInUp&quot;}\" data-widget_type=\"heading.default\">\n\t\t\t\t\t<h2 class=\"elementor-heading-title elementor-size-default\">Geschenkgutschein CZK 500<\/h2>\t\t\t\t<\/div>\n\t\t\t\t<div class=\"elementor-element elementor-element-1919760 elementor-widget__width-initial animated-fast elementor-invisible elementor-widget elementor-widget-text-editor\" data-id=\"1919760\" data-element_type=\"widget\" data-e-type=\"widget\" data-settings=\"{&quot;_animation&quot;:&quot;fadeInUp&quot;}\" data-widget_type=\"text-editor.default\">\n\t\t\t\t\t\t\t\t\t<p>D\u00e1rkov\u00fd poukaz ve v\u00fd\u0161i 500\u00a0K\u010d na&#8230;&#8230;.<\/p><p>M\u016f\u017eete uplatnit&#8230;.<\/p><ul role=\"list\"><li>n\u011bco<\/li><li>n\u011bco<\/li><li>n\u011bco<\/li><li>n\u011bco<\/li><li>n\u011bco<\/li><li>n\u011bco<\/li><li>n\u011bco<\/li><li>n\u011bco<\/li><\/ul><p>Platnost poukazu&#8230;.<\/p>\t\t\t\t\t\t\t\t<\/div>\n\t\t\t\t<div class=\"elementor-element elementor-element-a1af962 elementor-align-center animated-fast elementor-invisible elementor-widget elementor-widget-button\" data-id=\"a1af962\" data-element_type=\"widget\" data-e-type=\"widget\" data-settings=\"{&quot;_animation&quot;:&quot;fadeInUp&quot;}\" data-widget_type=\"button.default\">\n\t\t\t\t\t\t\t\t\t\t<a class=\"elementor-button elementor-button-link elementor-size-sm\" href=\"#elementor-action%3Aaction%3Dpopup%3Aopen%26settings%3DeyJpZCI6IjY2MyIsInRvZ2dsZSI6ZmFsc2V9\">\n\t\t\t\t\t\t<span class=\"elementor-button-content-wrapper\">\n\t\t\t\t\t\t\t\t\t<span class=\"elementor-button-text\"> Objednat poukaz<\/span>\n\t\t\t\t\t<\/span>\n\t\t\t\t\t<\/a>\n\t\t\t\t\t\t\t\t<\/div>\n\t\t\t\t\t<\/div>\n\t\t\t\t<\/div>\n\t\t<div class=\"elementor-element elementor-element-93e3f0d e-flex e-con-boxed e-con e-parent\" data-id=\"93e3f0d\" data-element_type=\"container\" data-e-type=\"container\">\n\t\t\t\t\t<div class=\"e-con-inner\">\n\t\t<div class=\"elementor-element elementor-element-bbda743 e-con-full e-flex e-con e-child\" data-id=\"bbda743\" data-element_type=\"container\" data-e-type=\"container\">\n\t\t\t\t<div class=\"elementor-element elementor-element-f3a2156 elementor-widget elementor-widget-image\" data-id=\"f3a2156\" data-element_type=\"widget\" data-e-type=\"widget\" data-widget_type=\"image.default\">\n\t\t\t\t\t\t\t\t\t\t\t\t\t\t\t\t<a href=\"https:\/\/royalpoint.cz\/de\/darkovy-poukaz-1000-kc\/\">\n\t\t\t\t\t\t\t<img fetchpriority=\"high\" decoding=\"async\" width=\"916\" height=\"524\" src=\"https:\/\/royalpoint.cz\/wp-content\/uploads\/2026\/04\/61421d24aa2c1679a32e8666_Poukaz-1000-DE.png\" class=\"attachment-2048x2048 size-2048x2048 wp-image-511\" alt=\"\" srcset=\"https:\/\/royalpoint.cz\/wp-content\/uploads\/2026\/04\/61421d24aa2c1679a32e8666_Poukaz-1000-DE.png 916w, https:\/\/royalpoint.cz\/wp-content\/uploads\/2026\/04\/61421d24aa2c1679a32e8666_Poukaz-1000-DE-300x172.png 300w, https:\/\/royalpoint.cz\/wp-content\/uploads\/2026\/04\/61421d24aa2c1679a32e8666_Poukaz-1000-DE-768x439.png 768w, https:\/\/royalpoint.cz\/wp-content\/uploads\/2026\/04\/61421d24aa2c1679a32e8666_Poukaz-1000-DE-18x10.png 18w\" sizes=\"(max-width: 916px) 100vw, 916px\" \/>\t\t\t\t\t\t\t\t<\/a>\n\t\t\t\t\t\t\t\t\t\t\t\t\t\t\t<\/div>\n\t\t<div class=\"elementor-element elementor-element-6bc8229 e-con-full e-flex e-con e-child\" data-id=\"6bc8229\" data-element_type=\"container\" data-e-type=\"container\">\n\t\t\t\t<div class=\"elementor-element elementor-element-4d341fb animated-fast elementor-invisible elementor-widget elementor-widget-heading\" data-id=\"4d341fb\" data-element_type=\"widget\" data-e-type=\"widget\" data-settings=\"{&quot;_animation&quot;:&quot;fadeInUp&quot;}\" data-widget_type=\"heading.default\">\n\t\t\t\t\t<h2 class=\"elementor-heading-title elementor-size-default\"><a href=\"https:\/\/royalpoint.cz\/de\/darkovy-poukaz-1000-kc\/\">Geschenkgutschein CZK 1000<\/a><\/h2>\t\t\t\t<\/div>\n\t\t\t\t<div class=\"elementor-element elementor-element-c1a7873 animated-fast elementor-invisible elementor-widget elementor-widget-heading\" data-id=\"c1a7873\" data-element_type=\"widget\" data-e-type=\"widget\" data-settings=\"{&quot;_animation&quot;:&quot;fadeInUp&quot;}\" data-widget_type=\"heading.default\">\n\t\t\t\t\t<h2 class=\"elementor-heading-title elementor-size-default\"><a href=\"https:\/\/royalpoint.cz\/de\/darkovy-poukaz-1000-kc\/\">Sie k\u00f6nnen einen Gutschein verschenken...<\/a><\/h2>\t\t\t\t<\/div>\n\t\t\t\t<\/div>\n\t\t\t\t<\/div>\n\t\t<div class=\"elementor-element elementor-element-3e65334 e-con-full e-flex e-con e-child\" data-id=\"3e65334\" data-element_type=\"container\" data-e-type=\"container\">\n\t\t\t\t<div class=\"elementor-element elementor-element-4f2177a elementor-widget elementor-widget-image\" data-id=\"4f2177a\" data-element_type=\"widget\" data-e-type=\"widget\" data-widget_type=\"image.default\">\n\t\t\t\t\t\t\t\t\t\t\t\t\t\t\t\t<a href=\"https:\/\/royalpoint.cz\/de\/vodni-dymka\/\">\n\t\t\t\t\t\t\t<img decoding=\"async\" src=\"https:\/\/royalpoint.cz\/wp-content\/uploads\/elementor\/thumbs\/wesley-balten-Ke6eNtGG018-unsplash-scaled-rly65w3ofu25slx6aptyj0lelgq61r32m7nx90mfp8.jpg\" title=\"wesley-balten-Ke6eNtGG018-unsplash\" alt=\"wesley-balten-Ke6eNtGG018-unsplash\" loading=\"lazy\" \/>\t\t\t\t\t\t\t\t<\/a>\n\t\t\t\t\t\t\t\t\t\t\t\t\t\t\t<\/div>\n\t\t<div class=\"elementor-element elementor-element-8cff351 e-con-full e-flex e-con e-child\" data-id=\"8cff351\" data-element_type=\"container\" data-e-type=\"container\">\n\t\t\t\t<div class=\"elementor-element elementor-element-9bf555b animated-fast elementor-invisible elementor-widget elementor-widget-heading\" data-id=\"9bf555b\" data-element_type=\"widget\" data-e-type=\"widget\" data-settings=\"{&quot;_animation&quot;:&quot;fadeInUp&quot;}\" data-widget_type=\"heading.default\">\n\t\t\t\t\t<h2 class=\"elementor-heading-title elementor-size-default\"><a href=\"https:\/\/royalpoint.cz\/de\/vodni-dymka\/\">Huka<\/a><\/h2>\t\t\t\t<\/div>\n\t\t\t\t<\/div>\n\t\t\t\t<\/div>\n\t\t<div class=\"elementor-element elementor-element-eb69d4b e-con-full e-flex e-con e-child\" data-id=\"eb69d4b\" data-element_type=\"container\" data-e-type=\"container\">\n\t\t\t\t<div class=\"elementor-element elementor-element-9be0ba9 elementor-widget elementor-widget-image\" data-id=\"9be0ba9\" data-element_type=\"widget\" data-e-type=\"widget\" data-widget_type=\"image.default\">\n\t\t\t\t\t\t\t\t\t\t\t\t\t\t\t\t<a href=\"https:\/\/royalpoint.cz\/de\/poukaz-500-kc\/\">\n\t\t\t\t\t\t\t<img decoding=\"async\" width=\"916\" height=\"524\" src=\"https:\/\/royalpoint.cz\/wp-content\/uploads\/2026\/04\/61421d31a28559f4a1443cba_Poukaz-500-DE.png\" class=\"attachment-2048x2048 size-2048x2048 wp-image-507\" alt=\"\" srcset=\"https:\/\/royalpoint.cz\/wp-content\/uploads\/2026\/04\/61421d31a28559f4a1443cba_Poukaz-500-DE.png 916w, https:\/\/royalpoint.cz\/wp-content\/uploads\/2026\/04\/61421d31a28559f4a1443cba_Poukaz-500-DE-300x172.png 300w, https:\/\/royalpoint.cz\/wp-content\/uploads\/2026\/04\/61421d31a28559f4a1443cba_Poukaz-500-DE-768x439.png 768w, https:\/\/royalpoint.cz\/wp-content\/uploads\/2026\/04\/61421d31a28559f4a1443cba_Poukaz-500-DE-18x10.png 18w\" sizes=\"(max-width: 916px) 100vw, 916px\" \/>\t\t\t\t\t\t\t\t<\/a>\n\t\t\t\t\t\t\t\t\t\t\t\t\t\t\t<\/div>\n\t\t<div class=\"elementor-element elementor-element-5a05431 e-con-full e-flex e-con e-child\" data-id=\"5a05431\" data-element_type=\"container\" data-e-type=\"container\">\n\t\t\t\t<div class=\"elementor-element elementor-element-832fe36 animated-fast elementor-invisible elementor-widget elementor-widget-heading\" data-id=\"832fe36\" data-element_type=\"widget\" data-e-type=\"widget\" data-settings=\"{&quot;_animation&quot;:&quot;fadeInUp&quot;}\" data-widget_type=\"heading.default\">\n\t\t\t\t\t<h2 class=\"elementor-heading-title elementor-size-default\"><a href=\"https:\/\/royalpoint.cz\/de\/poukaz-500-kc\/\">Geschenkgutschein CZK 500<\/a><\/h2>\t\t\t\t<\/div>\n\t\t\t\t<div class=\"elementor-element elementor-element-dd33ac6 animated-fast elementor-invisible elementor-widget elementor-widget-heading\" data-id=\"dd33ac6\" data-element_type=\"widget\" data-e-type=\"widget\" data-settings=\"{&quot;_animation&quot;:&quot;fadeInUp&quot;}\" data-widget_type=\"heading.default\">\n\t\t\t\t\t<h2 class=\"elementor-heading-title elementor-size-default\"><a href=\"https:\/\/royalpoint.cz\/de\/poukaz-500-kc\/\">Sie k\u00f6nnen einen Gutschein verschenken...<\/a><\/h2>\t\t\t\t<\/div>\n\t\t\t\t<\/div>\n\t\t\t\t<\/div>\n\t\t\t\t\t<\/div>\n\t\t\t\t<\/div>\n\t\t\t\t<\/div>","protected":false},"excerpt":{"rendered":"<p>D\u00e1rkov\u00fd poukaz 500 K\u010d D\u00e1rkov\u00fd poukaz ve v\u00fd\u0161i 500\u00a0K\u010d na&#8230;&#8230;. M\u016f\u017eete uplatnit&#8230;. n\u011bco n\u011bco n\u011bco n\u011bco n\u011bco n\u011bco n\u011bco n\u011bco Platnost poukazu&#8230;. Objednat poukaz D\u00e1rkov\u00fd poukaz 1000 K\u010d D\u00e1rkov\u00fd poukaz m\u016f\u017eete v\u011bnovat&#8230; A uplatnit jej m\u016f\u017eete&#8230;. Vodn\u00ed d\u00fdmka D\u00e1rkov\u00fd poukaz 500 K\u010d D\u00e1rkov\u00fd poukaz m\u016f\u017eete v\u011bnovat&#8230; A uplatnit jej m\u016f\u017eete&#8230;.<\/p>","protected":false},"author":1,"featured_media":0,"parent":0,"menu_order":0,"comment_status":"closed","ping_status":"closed","template":"elementor_header_footer","meta":{"footnotes":""},"class_list":["post-651","page","type-page","status-publish","hentry"],"_links":{"self":[{"href":"https:\/\/royalpoint.cz\/de\/wp-json\/wp\/v2\/pages\/651","targetHints":{"allow":["GET"]}}],"collection":[{"href":"https:\/\/royalpoint.cz\/de\/wp-json\/wp\/v2\/pages"}],"about":[{"href":"https:\/\/royalpoint.cz\/de\/wp-json\/wp\/v2\/types\/page"}],"author":[{"embeddable":true,"href":"https:\/\/royalpoint.cz\/de\/wp-json\/wp\/v2\/users\/1"}],"replies":[{"embeddable":true,"href":"https:\/\/royalpoint.cz\/de\/wp-json\/wp\/v2\/comments?post=651"}],"version-history":[{"count":37,"href":"https:\/\/royalpoint.cz\/de\/wp-json\/wp\/v2\/pages\/651\/revisions"}],"predecessor-version":[{"id":729,"href":"https:\/\/royalpoint.cz\/de\/wp-json\/wp\/v2\/pages\/651\/revisions\/729"}],"wp:attachment":[{"href":"https:\/\/royalpoint.cz\/de\/wp-json\/wp\/v2\/media?parent=651"}],"curies":[{"name":"wp","href":"https:\/\/api.w.org\/{rel}","templated":true}]}}