{"id":681,"date":"2026-04-01T21:05:26","date_gmt":"2026-04-01T21:05:26","guid":{"rendered":"https:\/\/royalpoint.cz\/?page_id=681"},"modified":"2026-04-01T21:14:50","modified_gmt":"2026-04-01T21:14:50","slug":"vodni-dymka","status":"publish","type":"page","link":"https:\/\/royalpoint.cz\/de\/vodni-dymka\/","title":{"rendered":"Huka"},"content":{"rendered":"<div data-elementor-type=\"wp-page\" data-elementor-id=\"681\" class=\"elementor elementor-681\" data-elementor-post-type=\"page\">\n\t\t\t\t<div class=\"elementor-element elementor-element-7ddb888 e-flex e-con-boxed e-con e-parent\" data-id=\"7ddb888\" data-element_type=\"container\" data-e-type=\"container\" data-settings=\"{&quot;background_background&quot;:&quot;classic&quot;}\">\n\t\t\t\t\t<div class=\"e-con-inner\">\n\t\t\t\t\t<\/div>\n\t\t\t\t<\/div>\n\t\t<div class=\"elementor-element elementor-element-3ada4d2 e-con-full e-flex e-con e-parent\" data-id=\"3ada4d2\" data-element_type=\"container\" data-e-type=\"container\" data-settings=\"{&quot;background_background&quot;:&quot;classic&quot;,&quot;position&quot;:&quot;absolute&quot;}\">\n\t\t<div class=\"elementor-element elementor-element-560aab4 e-con-full e-flex e-con e-child\" data-id=\"560aab4\" data-element_type=\"container\" data-e-type=\"container\" data-settings=\"{&quot;background_background&quot;:&quot;classic&quot;}\">\n\t\t\t\t<\/div>\n\t\t\t\t<\/div>\n\t\t<div class=\"elementor-element elementor-element-1833824 e-flex e-con-boxed e-con e-parent\" data-id=\"1833824\" data-element_type=\"container\" data-e-type=\"container\">\n\t\t\t\t\t<div class=\"e-con-inner\">\n\t\t\t\t<div class=\"elementor-element elementor-element-2467666 animated-fast elementor-widget__width-initial elementor-invisible elementor-widget elementor-widget-heading\" data-id=\"2467666\" data-element_type=\"widget\" data-e-type=\"widget\" data-settings=\"{&quot;_animation&quot;:&quot;fadeInUp&quot;}\" data-widget_type=\"heading.default\">\n\t\t\t\t\t<h2 class=\"elementor-heading-title elementor-size-default\">Huka\n<\/h2>\t\t\t\t<\/div>\n\t\t\t\t<div class=\"elementor-element elementor-element-96fd8f1 elementor-widget__width-initial animated-fast elementor-invisible elementor-widget elementor-widget-text-editor\" data-id=\"96fd8f1\" data-element_type=\"widget\" data-e-type=\"widget\" data-settings=\"{&quot;_animation&quot;:&quot;fadeInUp&quot;}\" data-widget_type=\"text-editor.default\">\n\t\t\t\t\t\t\t\t\t<div class=\"rich-text w-richtext\"><p>N\u011bjak\u00fd text<\/p><\/div>\t\t\t\t\t\t\t\t<\/div>\n\t\t\t\t<div class=\"elementor-element elementor-element-13be854 elementor-align-center animated-fast elementor-invisible elementor-widget elementor-widget-button\" data-id=\"13be854\" data-element_type=\"widget\" data-e-type=\"widget\" data-settings=\"{&quot;_animation&quot;:&quot;fadeInUp&quot;}\" data-widget_type=\"button.default\">\n\t\t\t\t\t\t\t\t\t\t<a class=\"elementor-button elementor-button-link elementor-size-sm\" href=\"#elementor-action%3Aaction%3Dpopup%3Aopen%26settings%3DeyJpZCI6IjY2MyIsInRvZ2dsZSI6ZmFsc2V9\">\n\t\t\t\t\t\t<span class=\"elementor-button-content-wrapper\">\n\t\t\t\t\t\t\t\t\t<span class=\"elementor-button-text\"> Objednat poukaz<\/span>\n\t\t\t\t\t<\/span>\n\t\t\t\t\t<\/a>\n\t\t\t\t\t\t\t\t<\/div>\n\t\t\t\t\t<\/div>\n\t\t\t\t<\/div>\n\t\t<div class=\"elementor-element elementor-element-40b5e5c e-flex e-con-boxed e-con e-parent\" data-id=\"40b5e5c\" data-element_type=\"container\" data-e-type=\"container\">\n\t\t\t\t\t<div class=\"e-con-inner\">\n\t\t<div class=\"elementor-element elementor-element-2d4f599 e-con-full e-flex e-con e-child\" data-id=\"2d4f599\" data-element_type=\"container\" data-e-type=\"container\">\n\t\t\t\t<div class=\"elementor-element elementor-element-d4ac57d elementor-widget elementor-widget-image\" data-id=\"d4ac57d\" data-element_type=\"widget\" data-e-type=\"widget\" data-widget_type=\"image.default\">\n\t\t\t\t\t\t\t\t\t\t\t\t\t\t\t\t<a href=\"https:\/\/royalpoint.cz\/de\/darkovy-poukaz-1000-kc\/\">\n\t\t\t\t\t\t\t<img fetchpriority=\"high\" decoding=\"async\" width=\"916\" height=\"524\" src=\"https:\/\/royalpoint.cz\/wp-content\/uploads\/2026\/04\/61421d24aa2c1679a32e8666_Poukaz-1000-DE.png\" class=\"attachment-2048x2048 size-2048x2048 wp-image-511\" alt=\"\" srcset=\"https:\/\/royalpoint.cz\/wp-content\/uploads\/2026\/04\/61421d24aa2c1679a32e8666_Poukaz-1000-DE.png 916w, https:\/\/royalpoint.cz\/wp-content\/uploads\/2026\/04\/61421d24aa2c1679a32e8666_Poukaz-1000-DE-300x172.png 300w, https:\/\/royalpoint.cz\/wp-content\/uploads\/2026\/04\/61421d24aa2c1679a32e8666_Poukaz-1000-DE-768x439.png 768w, https:\/\/royalpoint.cz\/wp-content\/uploads\/2026\/04\/61421d24aa2c1679a32e8666_Poukaz-1000-DE-18x10.png 18w\" sizes=\"(max-width: 916px) 100vw, 916px\" \/>\t\t\t\t\t\t\t\t<\/a>\n\t\t\t\t\t\t\t\t\t\t\t\t\t\t\t<\/div>\n\t\t<div class=\"elementor-element elementor-element-b322a00 e-con-full e-flex e-con e-child\" data-id=\"b322a00\" data-element_type=\"container\" data-e-type=\"container\">\n\t\t\t\t<div class=\"elementor-element elementor-element-b3978f9 animated-fast elementor-invisible elementor-widget elementor-widget-heading\" data-id=\"b3978f9\" data-element_type=\"widget\" data-e-type=\"widget\" data-settings=\"{&quot;_animation&quot;:&quot;fadeInUp&quot;}\" data-widget_type=\"heading.default\">\n\t\t\t\t\t<h2 class=\"elementor-heading-title elementor-size-default\"><a href=\"https:\/\/royalpoint.cz\/de\/darkovy-poukaz-1000-kc\/\">Geschenkgutschein CZK 1000<\/a><\/h2>\t\t\t\t<\/div>\n\t\t\t\t<div class=\"elementor-element elementor-element-2af8a43 animated-fast elementor-invisible elementor-widget elementor-widget-heading\" data-id=\"2af8a43\" data-element_type=\"widget\" data-e-type=\"widget\" data-settings=\"{&quot;_animation&quot;:&quot;fadeInUp&quot;}\" data-widget_type=\"heading.default\">\n\t\t\t\t\t<h2 class=\"elementor-heading-title elementor-size-default\"><a href=\"https:\/\/royalpoint.cz\/de\/darkovy-poukaz-1000-kc\/\">Sie k\u00f6nnen einen Gutschein verschenken...<\/a><\/h2>\t\t\t\t<\/div>\n\t\t\t\t<\/div>\n\t\t\t\t<\/div>\n\t\t<div class=\"elementor-element elementor-element-71ca9df e-con-full e-flex e-con e-child\" data-id=\"71ca9df\" data-element_type=\"container\" data-e-type=\"container\">\n\t\t\t\t<div class=\"elementor-element elementor-element-dc41c71 elementor-widget elementor-widget-image\" data-id=\"dc41c71\" data-element_type=\"widget\" data-e-type=\"widget\" data-widget_type=\"image.default\">\n\t\t\t\t\t\t\t\t\t\t\t\t\t\t\t\t<a href=\"https:\/\/royalpoint.cz\/de\/vodni-dymka\/\">\n\t\t\t\t\t\t\t<img decoding=\"async\" src=\"https:\/\/royalpoint.cz\/wp-content\/uploads\/elementor\/thumbs\/wesley-balten-Ke6eNtGG018-unsplash-scaled-rly65w3ofu25slx6aptyj0lelgq61r32m7nx90mfp8.jpg\" title=\"wesley-balten-Ke6eNtGG018-unsplash\" alt=\"wesley-balten-Ke6eNtGG018-unsplash\" loading=\"lazy\" \/>\t\t\t\t\t\t\t\t<\/a>\n\t\t\t\t\t\t\t\t\t\t\t\t\t\t\t<\/div>\n\t\t<div class=\"elementor-element elementor-element-ee2f8f0 e-con-full e-flex e-con e-child\" data-id=\"ee2f8f0\" data-element_type=\"container\" data-e-type=\"container\">\n\t\t\t\t<div class=\"elementor-element elementor-element-6e294cc animated-fast elementor-invisible elementor-widget elementor-widget-heading\" data-id=\"6e294cc\" data-element_type=\"widget\" data-e-type=\"widget\" data-settings=\"{&quot;_animation&quot;:&quot;fadeInUp&quot;}\" data-widget_type=\"heading.default\">\n\t\t\t\t\t<h2 class=\"elementor-heading-title elementor-size-default\"><a href=\"https:\/\/royalpoint.cz\/de\/vodni-dymka\/\">Huka<\/a><\/h2>\t\t\t\t<\/div>\n\t\t\t\t<\/div>\n\t\t\t\t<\/div>\n\t\t<div class=\"elementor-element elementor-element-278fa0e e-con-full e-flex e-con e-child\" data-id=\"278fa0e\" data-element_type=\"container\" data-e-type=\"container\">\n\t\t\t\t<div class=\"elementor-element elementor-element-5730dc9 elementor-widget elementor-widget-image\" data-id=\"5730dc9\" data-element_type=\"widget\" data-e-type=\"widget\" data-widget_type=\"image.default\">\n\t\t\t\t\t\t\t\t\t\t\t\t\t\t\t\t<a href=\"https:\/\/royalpoint.cz\/de\/poukaz-500-kc\/\">\n\t\t\t\t\t\t\t<img decoding=\"async\" width=\"916\" height=\"524\" src=\"https:\/\/royalpoint.cz\/wp-content\/uploads\/2026\/04\/61421d31a28559f4a1443cba_Poukaz-500-DE.png\" class=\"attachment-2048x2048 size-2048x2048 wp-image-507\" alt=\"\" srcset=\"https:\/\/royalpoint.cz\/wp-content\/uploads\/2026\/04\/61421d31a28559f4a1443cba_Poukaz-500-DE.png 916w, https:\/\/royalpoint.cz\/wp-content\/uploads\/2026\/04\/61421d31a28559f4a1443cba_Poukaz-500-DE-300x172.png 300w, https:\/\/royalpoint.cz\/wp-content\/uploads\/2026\/04\/61421d31a28559f4a1443cba_Poukaz-500-DE-768x439.png 768w, https:\/\/royalpoint.cz\/wp-content\/uploads\/2026\/04\/61421d31a28559f4a1443cba_Poukaz-500-DE-18x10.png 18w\" sizes=\"(max-width: 916px) 100vw, 916px\" \/>\t\t\t\t\t\t\t\t<\/a>\n\t\t\t\t\t\t\t\t\t\t\t\t\t\t\t<\/div>\n\t\t<div class=\"elementor-element elementor-element-56ba88d e-con-full e-flex e-con e-child\" data-id=\"56ba88d\" data-element_type=\"container\" data-e-type=\"container\">\n\t\t\t\t<div class=\"elementor-element elementor-element-f7d9527 animated-fast elementor-invisible elementor-widget elementor-widget-heading\" data-id=\"f7d9527\" data-element_type=\"widget\" data-e-type=\"widget\" data-settings=\"{&quot;_animation&quot;:&quot;fadeInUp&quot;}\" data-widget_type=\"heading.default\">\n\t\t\t\t\t<h2 class=\"elementor-heading-title elementor-size-default\"><a href=\"https:\/\/royalpoint.cz\/de\/poukaz-500-kc\/\">Geschenkgutschein CZK 500<\/a><\/h2>\t\t\t\t<\/div>\n\t\t\t\t<div class=\"elementor-element elementor-element-5117d55 animated-fast elementor-invisible elementor-widget elementor-widget-heading\" data-id=\"5117d55\" data-element_type=\"widget\" data-e-type=\"widget\" data-settings=\"{&quot;_animation&quot;:&quot;fadeInUp&quot;}\" data-widget_type=\"heading.default\">\n\t\t\t\t\t<h2 class=\"elementor-heading-title elementor-size-default\"><a href=\"https:\/\/royalpoint.cz\/de\/poukaz-500-kc\/\">Sie k\u00f6nnen einen Gutschein verschenken...<\/a><\/h2>\t\t\t\t<\/div>\n\t\t\t\t<\/div>\n\t\t\t\t<\/div>\n\t\t\t\t\t<\/div>\n\t\t\t\t<\/div>\n\t\t\t\t<\/div>","protected":false},"excerpt":{"rendered":"<p>Vodn\u00ed d\u00fdmka N\u011bjak\u00fd text Objednat poukaz D\u00e1rkov\u00fd poukaz 1000 K\u010d D\u00e1rkov\u00fd poukaz m\u016f\u017eete v\u011bnovat&#8230; A uplatnit jej m\u016f\u017eete&#8230;. Vodn\u00ed d\u00fdmka D\u00e1rkov\u00fd poukaz 500 K\u010d D\u00e1rkov\u00fd poukaz m\u016f\u017eete v\u011bnovat&#8230; A uplatnit jej m\u016f\u017eete&#8230;.<\/p>","protected":false},"author":1,"featured_media":0,"parent":0,"menu_order":0,"comment_status":"closed","ping_status":"closed","template":"elementor_header_footer","meta":{"footnotes":""},"class_list":["post-681","page","type-page","status-publish","hentry"],"_links":{"self":[{"href":"https:\/\/royalpoint.cz\/de\/wp-json\/wp\/v2\/pages\/681","targetHints":{"allow":["GET"]}}],"collection":[{"href":"https:\/\/royalpoint.cz\/de\/wp-json\/wp\/v2\/pages"}],"about":[{"href":"https:\/\/royalpoint.cz\/de\/wp-json\/wp\/v2\/types\/page"}],"author":[{"embeddable":true,"href":"https:\/\/royalpoint.cz\/de\/wp-json\/wp\/v2\/users\/1"}],"replies":[{"embeddable":true,"href":"https:\/\/royalpoint.cz\/de\/wp-json\/wp\/v2\/comments?post=681"}],"version-history":[{"count":25,"href":"https:\/\/royalpoint.cz\/de\/wp-json\/wp\/v2\/pages\/681\/revisions"}],"predecessor-version":[{"id":726,"href":"https:\/\/royalpoint.cz\/de\/wp-json\/wp\/v2\/pages\/681\/revisions\/726"}],"wp:attachment":[{"href":"https:\/\/royalpoint.cz\/de\/wp-json\/wp\/v2\/media?parent=681"}],"curies":[{"name":"wp","href":"https:\/\/api.w.org\/{rel}","templated":true}]}}