{"id":712,"date":"2026-04-01T21:11:52","date_gmt":"2026-04-01T21:11:52","guid":{"rendered":"https:\/\/royalpoint.cz\/?page_id=712"},"modified":"2026-04-01T21:15:20","modified_gmt":"2026-04-01T21:15:20","slug":"darkovy-poukaz-1000-kc","status":"publish","type":"page","link":"https:\/\/royalpoint.cz\/de\/darkovy-poukaz-1000-kc\/","title":{"rendered":"Geschenkgutschein CZK 1000"},"content":{"rendered":"<div data-elementor-type=\"wp-page\" data-elementor-id=\"712\" class=\"elementor elementor-712\" data-elementor-post-type=\"page\">\n\t\t\t\t<div class=\"elementor-element elementor-element-c92b615 e-flex e-con-boxed e-con e-parent\" data-id=\"c92b615\" data-element_type=\"container\" data-e-type=\"container\" data-settings=\"{&quot;background_background&quot;:&quot;classic&quot;}\">\n\t\t\t\t\t<div class=\"e-con-inner\">\n\t\t\t\t\t<\/div>\n\t\t\t\t<\/div>\n\t\t<div class=\"elementor-element elementor-element-002bb87 e-con-full e-flex e-con e-parent\" data-id=\"002bb87\" data-element_type=\"container\" data-e-type=\"container\" data-settings=\"{&quot;background_background&quot;:&quot;classic&quot;,&quot;position&quot;:&quot;absolute&quot;}\">\n\t\t<div class=\"elementor-element elementor-element-e3f46b6 e-con-full e-flex e-con e-child\" data-id=\"e3f46b6\" data-element_type=\"container\" data-e-type=\"container\" data-settings=\"{&quot;background_background&quot;:&quot;classic&quot;}\">\n\t\t\t\t<\/div>\n\t\t\t\t<\/div>\n\t\t<div class=\"elementor-element elementor-element-0485bdf e-flex e-con-boxed e-con e-parent\" data-id=\"0485bdf\" data-element_type=\"container\" data-e-type=\"container\">\n\t\t\t\t\t<div class=\"e-con-inner\">\n\t\t\t\t<div class=\"elementor-element elementor-element-90e77a4 animated-fast elementor-widget__width-initial elementor-invisible elementor-widget elementor-widget-heading\" data-id=\"90e77a4\" data-element_type=\"widget\" data-e-type=\"widget\" data-settings=\"{&quot;_animation&quot;:&quot;fadeInUp&quot;}\" data-widget_type=\"heading.default\">\n\t\t\t\t\t<h2 class=\"elementor-heading-title elementor-size-default\">Geschenkgutschein CZK 1000\n<\/h2>\t\t\t\t<\/div>\n\t\t\t\t<div class=\"elementor-element elementor-element-30a5253 elementor-widget__width-initial animated-fast elementor-invisible elementor-widget elementor-widget-text-editor\" data-id=\"30a5253\" data-element_type=\"widget\" data-e-type=\"widget\" data-settings=\"{&quot;_animation&quot;:&quot;fadeInUp&quot;}\" data-widget_type=\"text-editor.default\">\n\t\t\t\t\t\t\t\t\t<p>D\u00e1rkov\u00fd poukaz ve v\u00fd\u0161i 1000 K\u010d na&#8230;&#8230;.<\/p><p>M\u016f\u017eete uplatnit&#8230;.<\/p><ul role=\"list\"><li>n\u011bco<\/li><li>n\u011bco<\/li><li>n\u011bco<\/li><li>n\u011bco<\/li><li>n\u011bco<\/li><li>n\u011bco<\/li><li>n\u011bco<\/li><li>n\u011bco<\/li><\/ul><p>Platnost poukazu&#8230;.<\/p>\t\t\t\t\t\t\t\t<\/div>\n\t\t\t\t<div class=\"elementor-element elementor-element-6ba7b82 elementor-align-center animated-fast elementor-invisible elementor-widget elementor-widget-button\" data-id=\"6ba7b82\" data-element_type=\"widget\" data-e-type=\"widget\" data-settings=\"{&quot;_animation&quot;:&quot;fadeInUp&quot;}\" data-widget_type=\"button.default\">\n\t\t\t\t\t\t\t\t\t\t<a class=\"elementor-button elementor-button-link elementor-size-sm\" href=\"#elementor-action%3Aaction%3Dpopup%3Aopen%26settings%3DeyJpZCI6IjY2MyIsInRvZ2dsZSI6ZmFsc2V9\">\n\t\t\t\t\t\t<span class=\"elementor-button-content-wrapper\">\n\t\t\t\t\t\t\t\t\t<span class=\"elementor-button-text\"> Objednat poukaz<\/span>\n\t\t\t\t\t<\/span>\n\t\t\t\t\t<\/a>\n\t\t\t\t\t\t\t\t<\/div>\n\t\t\t\t\t<\/div>\n\t\t\t\t<\/div>\n\t\t<div class=\"elementor-element elementor-element-4de9801 e-flex e-con-boxed e-con e-parent\" data-id=\"4de9801\" data-element_type=\"container\" data-e-type=\"container\">\n\t\t\t\t\t<div class=\"e-con-inner\">\n\t\t<div class=\"elementor-element elementor-element-54cb2b7 e-con-full e-flex e-con e-child\" data-id=\"54cb2b7\" data-element_type=\"container\" data-e-type=\"container\">\n\t\t\t\t<div class=\"elementor-element elementor-element-d751339 elementor-widget elementor-widget-image\" data-id=\"d751339\" data-element_type=\"widget\" data-e-type=\"widget\" data-widget_type=\"image.default\">\n\t\t\t\t\t\t\t\t\t\t\t\t\t\t\t\t<a href=\"https:\/\/royalpoint.cz\/de\/darkovy-poukaz-1000-kc\/\">\n\t\t\t\t\t\t\t<img fetchpriority=\"high\" decoding=\"async\" width=\"916\" height=\"524\" src=\"https:\/\/royalpoint.cz\/wp-content\/uploads\/2026\/04\/61421d24aa2c1679a32e8666_Poukaz-1000-DE.png\" class=\"attachment-2048x2048 size-2048x2048 wp-image-511\" alt=\"\" srcset=\"https:\/\/royalpoint.cz\/wp-content\/uploads\/2026\/04\/61421d24aa2c1679a32e8666_Poukaz-1000-DE.png 916w, https:\/\/royalpoint.cz\/wp-content\/uploads\/2026\/04\/61421d24aa2c1679a32e8666_Poukaz-1000-DE-300x172.png 300w, https:\/\/royalpoint.cz\/wp-content\/uploads\/2026\/04\/61421d24aa2c1679a32e8666_Poukaz-1000-DE-768x439.png 768w, https:\/\/royalpoint.cz\/wp-content\/uploads\/2026\/04\/61421d24aa2c1679a32e8666_Poukaz-1000-DE-18x10.png 18w\" sizes=\"(max-width: 916px) 100vw, 916px\" \/>\t\t\t\t\t\t\t\t<\/a>\n\t\t\t\t\t\t\t\t\t\t\t\t\t\t\t<\/div>\n\t\t<div class=\"elementor-element elementor-element-41c2497 e-con-full e-flex e-con e-child\" data-id=\"41c2497\" data-element_type=\"container\" data-e-type=\"container\">\n\t\t\t\t<div class=\"elementor-element elementor-element-eee30ef animated-fast elementor-invisible elementor-widget elementor-widget-heading\" data-id=\"eee30ef\" data-element_type=\"widget\" data-e-type=\"widget\" data-settings=\"{&quot;_animation&quot;:&quot;fadeInUp&quot;}\" data-widget_type=\"heading.default\">\n\t\t\t\t\t<h2 class=\"elementor-heading-title elementor-size-default\"><a href=\"https:\/\/royalpoint.cz\/de\/darkovy-poukaz-1000-kc\/\">Geschenkgutschein CZK 1000<\/a><\/h2>\t\t\t\t<\/div>\n\t\t\t\t<div class=\"elementor-element elementor-element-940b863 animated-fast elementor-invisible elementor-widget elementor-widget-heading\" data-id=\"940b863\" data-element_type=\"widget\" data-e-type=\"widget\" data-settings=\"{&quot;_animation&quot;:&quot;fadeInUp&quot;}\" data-widget_type=\"heading.default\">\n\t\t\t\t\t<h2 class=\"elementor-heading-title elementor-size-default\"><a href=\"https:\/\/royalpoint.cz\/de\/darkovy-poukaz-1000-kc\/\">Sie k\u00f6nnen einen Gutschein verschenken...<\/a><\/h2>\t\t\t\t<\/div>\n\t\t\t\t<\/div>\n\t\t\t\t<\/div>\n\t\t<div class=\"elementor-element elementor-element-f2a9e29 e-con-full e-flex e-con e-child\" data-id=\"f2a9e29\" data-element_type=\"container\" data-e-type=\"container\">\n\t\t\t\t<div class=\"elementor-element elementor-element-7476d1a elementor-widget elementor-widget-image\" data-id=\"7476d1a\" data-element_type=\"widget\" data-e-type=\"widget\" data-widget_type=\"image.default\">\n\t\t\t\t\t\t\t\t\t\t\t\t\t\t\t\t<a href=\"https:\/\/royalpoint.cz\/de\/vodni-dymka\/\">\n\t\t\t\t\t\t\t<img decoding=\"async\" src=\"https:\/\/royalpoint.cz\/wp-content\/uploads\/elementor\/thumbs\/wesley-balten-Ke6eNtGG018-unsplash-scaled-rly65w3ofu25slx6aptyj0lelgq61r32m7nx90mfp8.jpg\" title=\"wesley-balten-Ke6eNtGG018-unsplash\" alt=\"wesley-balten-Ke6eNtGG018-unsplash\" loading=\"lazy\" \/>\t\t\t\t\t\t\t\t<\/a>\n\t\t\t\t\t\t\t\t\t\t\t\t\t\t\t<\/div>\n\t\t<div class=\"elementor-element elementor-element-c4ec038 e-con-full e-flex e-con e-child\" data-id=\"c4ec038\" data-element_type=\"container\" data-e-type=\"container\">\n\t\t\t\t<div class=\"elementor-element elementor-element-f5b4b4c animated-fast elementor-invisible elementor-widget elementor-widget-heading\" data-id=\"f5b4b4c\" data-element_type=\"widget\" data-e-type=\"widget\" data-settings=\"{&quot;_animation&quot;:&quot;fadeInUp&quot;}\" data-widget_type=\"heading.default\">\n\t\t\t\t\t<h2 class=\"elementor-heading-title elementor-size-default\"><a href=\"https:\/\/royalpoint.cz\/de\/vodni-dymka\/\">Huka<\/a><\/h2>\t\t\t\t<\/div>\n\t\t\t\t<\/div>\n\t\t\t\t<\/div>\n\t\t<div class=\"elementor-element elementor-element-fe50099 e-con-full e-flex e-con e-child\" data-id=\"fe50099\" data-element_type=\"container\" data-e-type=\"container\">\n\t\t\t\t<div class=\"elementor-element elementor-element-a0f8eac elementor-widget elementor-widget-image\" data-id=\"a0f8eac\" data-element_type=\"widget\" data-e-type=\"widget\" data-widget_type=\"image.default\">\n\t\t\t\t\t\t\t\t\t\t\t\t\t\t\t\t<a href=\"https:\/\/royalpoint.cz\/de\/poukaz-500-kc\/\">\n\t\t\t\t\t\t\t<img decoding=\"async\" width=\"916\" height=\"524\" src=\"https:\/\/royalpoint.cz\/wp-content\/uploads\/2026\/04\/61421d31a28559f4a1443cba_Poukaz-500-DE.png\" class=\"attachment-2048x2048 size-2048x2048 wp-image-507\" alt=\"\" srcset=\"https:\/\/royalpoint.cz\/wp-content\/uploads\/2026\/04\/61421d31a28559f4a1443cba_Poukaz-500-DE.png 916w, https:\/\/royalpoint.cz\/wp-content\/uploads\/2026\/04\/61421d31a28559f4a1443cba_Poukaz-500-DE-300x172.png 300w, https:\/\/royalpoint.cz\/wp-content\/uploads\/2026\/04\/61421d31a28559f4a1443cba_Poukaz-500-DE-768x439.png 768w, https:\/\/royalpoint.cz\/wp-content\/uploads\/2026\/04\/61421d31a28559f4a1443cba_Poukaz-500-DE-18x10.png 18w\" sizes=\"(max-width: 916px) 100vw, 916px\" \/>\t\t\t\t\t\t\t\t<\/a>\n\t\t\t\t\t\t\t\t\t\t\t\t\t\t\t<\/div>\n\t\t<div class=\"elementor-element elementor-element-be38e04 e-con-full e-flex e-con e-child\" data-id=\"be38e04\" data-element_type=\"container\" data-e-type=\"container\">\n\t\t\t\t<div class=\"elementor-element elementor-element-dc41fd8 animated-fast elementor-invisible elementor-widget elementor-widget-heading\" data-id=\"dc41fd8\" data-element_type=\"widget\" data-e-type=\"widget\" data-settings=\"{&quot;_animation&quot;:&quot;fadeInUp&quot;}\" data-widget_type=\"heading.default\">\n\t\t\t\t\t<h2 class=\"elementor-heading-title elementor-size-default\"><a href=\"https:\/\/royalpoint.cz\/de\/poukaz-500-kc\/\">Geschenkgutschein CZK 500<\/a><\/h2>\t\t\t\t<\/div>\n\t\t\t\t<div class=\"elementor-element elementor-element-5f0a6c7 animated-fast elementor-invisible elementor-widget elementor-widget-heading\" data-id=\"5f0a6c7\" data-element_type=\"widget\" data-e-type=\"widget\" data-settings=\"{&quot;_animation&quot;:&quot;fadeInUp&quot;}\" data-widget_type=\"heading.default\">\n\t\t\t\t\t<h2 class=\"elementor-heading-title elementor-size-default\"><a href=\"https:\/\/royalpoint.cz\/de\/poukaz-500-kc\/\">Sie k\u00f6nnen einen Gutschein verschenken...<\/a><\/h2>\t\t\t\t<\/div>\n\t\t\t\t<\/div>\n\t\t\t\t<\/div>\n\t\t\t\t\t<\/div>\n\t\t\t\t<\/div>\n\t\t\t\t<\/div>","protected":false},"excerpt":{"rendered":"<p>D\u00e1rkov\u00fd poukaz 1000 K\u010d D\u00e1rkov\u00fd poukaz ve v\u00fd\u0161i 1000 K\u010d na&#8230;&#8230;. M\u016f\u017eete uplatnit&#8230;. n\u011bco n\u011bco n\u011bco n\u011bco n\u011bco n\u011bco n\u011bco n\u011bco Platnost poukazu&#8230;. Objednat poukaz D\u00e1rkov\u00fd poukaz 1000 K\u010d D\u00e1rkov\u00fd poukaz m\u016f\u017eete v\u011bnovat&#8230; A uplatnit jej m\u016f\u017eete&#8230;. Vodn\u00ed d\u00fdmka D\u00e1rkov\u00fd poukaz 500 K\u010d D\u00e1rkov\u00fd poukaz m\u016f\u017eete v\u011bnovat&#8230; A uplatnit jej m\u016f\u017eete&#8230;.<\/p>","protected":false},"author":1,"featured_media":0,"parent":0,"menu_order":0,"comment_status":"closed","ping_status":"closed","template":"elementor_header_footer","meta":{"footnotes":""},"class_list":["post-712","page","type-page","status-publish","hentry"],"_links":{"self":[{"href":"https:\/\/royalpoint.cz\/de\/wp-json\/wp\/v2\/pages\/712","targetHints":{"allow":["GET"]}}],"collection":[{"href":"https:\/\/royalpoint.cz\/de\/wp-json\/wp\/v2\/pages"}],"about":[{"href":"https:\/\/royalpoint.cz\/de\/wp-json\/wp\/v2\/types\/page"}],"author":[{"embeddable":true,"href":"https:\/\/royalpoint.cz\/de\/wp-json\/wp\/v2\/users\/1"}],"replies":[{"embeddable":true,"href":"https:\/\/royalpoint.cz\/de\/wp-json\/wp\/v2\/comments?post=712"}],"version-history":[{"count":10,"href":"https:\/\/royalpoint.cz\/de\/wp-json\/wp\/v2\/pages\/712\/revisions"}],"predecessor-version":[{"id":732,"href":"https:\/\/royalpoint.cz\/de\/wp-json\/wp\/v2\/pages\/712\/revisions\/732"}],"wp:attachment":[{"href":"https:\/\/royalpoint.cz\/de\/wp-json\/wp\/v2\/media?parent=712"}],"curies":[{"name":"wp","href":"https:\/\/api.w.org\/{rel}","templated":true}]}}